{"id":2388,"date":"2024-03-10T22:39:08","date_gmt":"2024-03-10T22:39:08","guid":{"rendered":"https:\/\/sttrades.com\/product\/gm500ze\/"},"modified":"2024-03-10T22:39:08","modified_gmt":"2024-03-10T22:39:08","slug":"gm500ze","status":"publish","type":"product","link":"https:\/\/sttrades.com\/en\/product\/gm500ze\/","title":{"rendered":"GM500ze"},"content":{"rendered":"<p>Long-term clean city, town and environment. The electrically-powered, zero-emission 500ze Green Machines use the latest generation of lithium-ion batteries to keep the machine running all day long.<\/p>\n<p><strong>Features:<\/strong><\/p>\n<ul>\n<li>Air conditioning<\/li>\n<li>Colour reversing camera<\/li>\n<li>Pressure washer<\/li>\n<li>Centralised lubrication<\/li>\n<li>Flexible hose<\/li>\n<li>Radio \/ CD<\/li>\n<\/ul>\n<p><span style=\"color: #000000;\"><a style=\"color: #000000;\" href=\"https:\/\/sttrades.com\/wp-content\/uploads\/2024\/03\/500ze-specification-%E2%80%93-Single-Battery-Pack.pdf\"><strong>Download the brochure (one battery)<\/strong><\/a><\/span><\/p>\n<p><span style=\"color: #000000;\"><a style=\"color: #000000;\" href=\"https:\/\/sttrades.com\/wp-content\/uploads\/2024\/03\/500ze-specification-%E2%80%93-Double-battery-pack.pdf\"><strong>Download brochure (two batteries)<\/strong><\/a><\/span><\/p>\n<p><a href=\"https:\/\/sttrades.com\/wp-content\/uploads\/2024\/03\/Sertifikati-za-500ze.pdf\"><span style=\"color: #000000;\"><b>TUV certificate<\/b><\/span><\/a><\/p>\n<p><iframe title=\"Green Machines 500ze - presentation\" data-src=\"https:\/\/www.youtube.com\/embed\/SSwsQzIVQc8\" width=\"1250\" height=\"703\" frameborder=\"0\" allowfullscreen=\"allowfullscreen\" src=\"data:image\/gif;base64,R0lGODlhAQABAAAAACH5BAEKAAEALAAAAAABAAEAAAICTAEAOw==\" class=\"lazyload\" data-load-mode=\"1\"><\/iframe><\/p>\n","protected":false},"excerpt":{"rendered":"<p>This is the future of surface cleaning: 500ze.<br \/>\n&#8220;Green Machines&#8221; makes an important contribution to meeting ambitious CO2 emissions targets<\/p>\n<p><strong>We are ready to advise you on technical issues and provide you with a detailed proposal just for you!<\/strong><\/p>\n\t\t<div data-elementor-type=\"container\" data-elementor-id=\"3077\" class=\"elementor elementor-3077 elementor-2063\" data-elementor-post-type=\"elementor_library\">\n\t\t\t\t<div class=\"elementor-element elementor-element-faff34d e-flex e-con-boxed e-con e-parent\" data-id=\"faff34d\" data-element_type=\"container\" data-settings=\"{&quot;_ha_eqh_enable&quot;:false}\" data-core-v316-plus=\"true\">\n\t\t\t\t\t<div class=\"e-con-inner\">\n\t\t<div class=\"elementor-element elementor-element-752ea74 e-con-full e-flex e-con e-child\" data-id=\"752ea74\" data-element_type=\"container\" data-settings=\"{&quot;_ha_eqh_enable&quot;:false}\">\n\t\t\t\t<div class=\"elementor-element elementor-element-284ae94 elementor-widget elementor-widget-porto_button\" data-id=\"284ae94\" data-element_type=\"widget\" data-settings=\"{&quot;align&quot;:&quot;left&quot;}\" data-widget_type=\"porto_button.default\">\n\t\t\t\t<div class=\"elementor-widget-container\">\n\t\t\t<a aria-label=\"button\" class=\"btn btn-md btn-primary\" href=\"#elementor-action%3Aaction%3Dpopup%3Aopen%26settings%3DeyJpZCI6MzA4MSwidG9nZ2xlIjpmYWxzZX0%3D\"><span >Enquire<\/span><\/a>\t\t<\/div>\n\t\t\t\t<\/div>\n\t\t\t\t<\/div>\n\t\t<div class=\"elementor-element elementor-element-d63226b e-con-full e-flex e-con e-child\" data-id=\"d63226b\" data-element_type=\"container\" data-settings=\"{&quot;_ha_eqh_enable&quot;:false}\">\n\t\t\t\t<div class=\"elementor-element elementor-element-bccf8ed elementor-widget elementor-widget-porto_button\" data-id=\"bccf8ed\" data-element_type=\"widget\" data-widget_type=\"porto_button.default\">\n\t\t\t\t<div class=\"elementor-widget-container\">\n\t\t\t<a aria-label=\"button\" class=\"btn btn-md btn-primary\" href=\"tel:+370%20639%2092414\"><span >+370 639 92414<\/span><\/a>\t\t<\/div>\n\t\t\t\t<\/div>\n\t\t\t\t<\/div>\n\t\t\t\t\t<\/div>\n\t\t\t\t<\/div>\n\t\t\t\t<\/div>\n\t\t\n","protected":false},"featured_media":2389,"comment_status":"closed","ping_status":"closed","template":"","meta":[],"product_cat":[57],"product_tag":[],"class_list":{"0":"post-2388","1":"product","2":"type-product","3":"status-publish","4":"has-post-thumbnail","6":"product_cat-street-sweeping-machines","8":"first","9":"instock","10":"shipping-taxable","11":"product-type-simple"},"yoast_head":"<!-- This site is optimized with the Yoast SEO plugin v22.3 - https:\/\/yoast.com\/wordpress\/plugins\/seo\/ -->\n<title>GM500ze - TradeS<\/title>\n<meta name=\"robots\" content=\"index, follow, max-snippet:-1, max-image-preview:large, max-video-preview:-1\" \/>\n<link rel=\"canonical\" href=\"https:\/\/sttrades.com\/en\/product\/gm500ze\/\" \/>\n<meta property=\"og:locale\" content=\"en_US\" \/>\n<meta property=\"og:type\" content=\"article\" \/>\n<meta property=\"og:title\" content=\"GM500ze - TradeS\" \/>\n<meta property=\"og:description\" content=\"This is the future of surface cleaning: 500ze. &quot;Green Machines&quot; makes an important contribution to meeting ambitious CO2 emissions targets We are ready to advise you on technical issues and provide you with a detailed proposal just for you!\" \/>\n<meta property=\"og:url\" content=\"https:\/\/sttrades.com\/en\/product\/gm500ze\/\" \/>\n<meta property=\"og:site_name\" content=\"TradeS\" \/>\n<meta property=\"og:image\" content=\"https:\/\/sttrades.com\/wp-content\/uploads\/2024\/03\/500ze.jpg\" \/>\n\t<meta property=\"og:image:width\" content=\"1200\" \/>\n\t<meta property=\"og:image:height\" content=\"1200\" \/>\n\t<meta property=\"og:image:type\" content=\"image\/jpeg\" \/>\n<meta name=\"twitter:card\" content=\"summary_large_image\" \/>\n<script type=\"application\/ld+json\" class=\"yoast-schema-graph\">{\"@context\":\"https:\/\/schema.org\",\"@graph\":[{\"@type\":\"WebPage\",\"@id\":\"https:\/\/sttrades.com\/en\/product\/gm500ze\/\",\"url\":\"https:\/\/sttrades.com\/en\/product\/gm500ze\/\",\"name\":\"GM500ze - TradeS\",\"isPartOf\":{\"@id\":\"https:\/\/sttrades.com\/en\/#website\"},\"primaryImageOfPage\":{\"@id\":\"https:\/\/sttrades.com\/en\/product\/gm500ze\/#primaryimage\"},\"image\":{\"@id\":\"https:\/\/sttrades.com\/en\/product\/gm500ze\/#primaryimage\"},\"thumbnailUrl\":\"https:\/\/sttrades.com\/wp-content\/uploads\/2024\/03\/500ze.jpg\",\"datePublished\":\"2024-03-10T22:39:08+00:00\",\"dateModified\":\"2024-03-10T22:39:08+00:00\",\"breadcrumb\":{\"@id\":\"https:\/\/sttrades.com\/en\/product\/gm500ze\/#breadcrumb\"},\"inLanguage\":\"en-US\",\"potentialAction\":[{\"@type\":\"ReadAction\",\"target\":[\"https:\/\/sttrades.com\/en\/product\/gm500ze\/\"]}]},{\"@type\":\"ImageObject\",\"inLanguage\":\"en-US\",\"@id\":\"https:\/\/sttrades.com\/en\/product\/gm500ze\/#primaryimage\",\"url\":\"https:\/\/sttrades.com\/wp-content\/uploads\/2024\/03\/500ze.jpg\",\"contentUrl\":\"https:\/\/sttrades.com\/wp-content\/uploads\/2024\/03\/500ze.jpg\",\"width\":1200,\"height\":1200},{\"@type\":\"BreadcrumbList\",\"@id\":\"https:\/\/sttrades.com\/en\/product\/gm500ze\/#breadcrumb\",\"itemListElement\":[{\"@type\":\"ListItem\",\"position\":1,\"name\":\"Home\",\"item\":\"https:\/\/sttrades.com\/ru\/\"},{\"@type\":\"ListItem\",\"position\":2,\"name\":\"Products\",\"item\":\"https:\/\/sttrades.com\/en\/products\/\"},{\"@type\":\"ListItem\",\"position\":3,\"name\":\"GM500ze\"}]},{\"@type\":\"WebSite\",\"@id\":\"https:\/\/sttrades.com\/en\/#website\",\"url\":\"https:\/\/sttrades.com\/en\/\",\"name\":\"\u0160iuolaikin\u0117 prekybin\u0117 \u012fmon\u0117\",\"description\":\"Alternatyvi energija | Akustin\u0117s sienos\",\"publisher\":{\"@id\":\"https:\/\/sttrades.com\/en\/#organization\"},\"potentialAction\":[{\"@type\":\"SearchAction\",\"target\":{\"@type\":\"EntryPoint\",\"urlTemplate\":\"https:\/\/sttrades.com\/en\/?s={search_term_string}\"},\"query-input\":\"required name=search_term_string\"}],\"inLanguage\":\"en-US\"},{\"@type\":\"Organization\",\"@id\":\"https:\/\/sttrades.com\/en\/#organization\",\"name\":\"TradeS\",\"url\":\"https:\/\/sttrades.com\/en\/\",\"logo\":{\"@type\":\"ImageObject\",\"inLanguage\":\"en-US\",\"@id\":\"https:\/\/sttrades.com\/en\/#\/schema\/logo\/image\/\",\"url\":\"https:\/\/sttrades.com\/wp-content\/uploads\/2024\/03\/sttrades-logo.webp\",\"contentUrl\":\"https:\/\/sttrades.com\/wp-content\/uploads\/2024\/03\/sttrades-logo.webp\",\"width\":639,\"height\":301,\"caption\":\"TradeS\"},\"image\":{\"@id\":\"https:\/\/sttrades.com\/en\/#\/schema\/logo\/image\/\"}}]}<\/script>\n<!-- \/ Yoast SEO plugin. -->","yoast_head_json":{"title":"GM500ze - TradeS","robots":{"index":"index","follow":"follow","max-snippet":"max-snippet:-1","max-image-preview":"max-image-preview:large","max-video-preview":"max-video-preview:-1"},"canonical":"https:\/\/sttrades.com\/en\/product\/gm500ze\/","og_locale":"en_US","og_type":"article","og_title":"GM500ze - TradeS","og_description":"This is the future of surface cleaning: 500ze. \"Green Machines\" makes an important contribution to meeting ambitious CO2 emissions targets We are ready to advise you on technical issues and provide you with a detailed proposal just for you!","og_url":"https:\/\/sttrades.com\/en\/product\/gm500ze\/","og_site_name":"TradeS","og_image":[{"width":1200,"height":1200,"url":"https:\/\/sttrades.com\/wp-content\/uploads\/2024\/03\/500ze.jpg","type":"image\/jpeg"}],"twitter_card":"summary_large_image","schema":{"@context":"https:\/\/schema.org","@graph":[{"@type":"WebPage","@id":"https:\/\/sttrades.com\/en\/product\/gm500ze\/","url":"https:\/\/sttrades.com\/en\/product\/gm500ze\/","name":"GM500ze - TradeS","isPartOf":{"@id":"https:\/\/sttrades.com\/en\/#website"},"primaryImageOfPage":{"@id":"https:\/\/sttrades.com\/en\/product\/gm500ze\/#primaryimage"},"image":{"@id":"https:\/\/sttrades.com\/en\/product\/gm500ze\/#primaryimage"},"thumbnailUrl":"https:\/\/sttrades.com\/wp-content\/uploads\/2024\/03\/500ze.jpg","datePublished":"2024-03-10T22:39:08+00:00","dateModified":"2024-03-10T22:39:08+00:00","breadcrumb":{"@id":"https:\/\/sttrades.com\/en\/product\/gm500ze\/#breadcrumb"},"inLanguage":"en-US","potentialAction":[{"@type":"ReadAction","target":["https:\/\/sttrades.com\/en\/product\/gm500ze\/"]}]},{"@type":"ImageObject","inLanguage":"en-US","@id":"https:\/\/sttrades.com\/en\/product\/gm500ze\/#primaryimage","url":"https:\/\/sttrades.com\/wp-content\/uploads\/2024\/03\/500ze.jpg","contentUrl":"https:\/\/sttrades.com\/wp-content\/uploads\/2024\/03\/500ze.jpg","width":1200,"height":1200},{"@type":"BreadcrumbList","@id":"https:\/\/sttrades.com\/en\/product\/gm500ze\/#breadcrumb","itemListElement":[{"@type":"ListItem","position":1,"name":"Home","item":"https:\/\/sttrades.com\/ru\/"},{"@type":"ListItem","position":2,"name":"Products","item":"https:\/\/sttrades.com\/en\/products\/"},{"@type":"ListItem","position":3,"name":"GM500ze"}]},{"@type":"WebSite","@id":"https:\/\/sttrades.com\/en\/#website","url":"https:\/\/sttrades.com\/en\/","name":"\u0160iuolaikin\u0117 prekybin\u0117 \u012fmon\u0117","description":"Alternatyvi energija | Akustin\u0117s sienos","publisher":{"@id":"https:\/\/sttrades.com\/en\/#organization"},"potentialAction":[{"@type":"SearchAction","target":{"@type":"EntryPoint","urlTemplate":"https:\/\/sttrades.com\/en\/?s={search_term_string}"},"query-input":"required name=search_term_string"}],"inLanguage":"en-US"},{"@type":"Organization","@id":"https:\/\/sttrades.com\/en\/#organization","name":"TradeS","url":"https:\/\/sttrades.com\/en\/","logo":{"@type":"ImageObject","inLanguage":"en-US","@id":"https:\/\/sttrades.com\/en\/#\/schema\/logo\/image\/","url":"https:\/\/sttrades.com\/wp-content\/uploads\/2024\/03\/sttrades-logo.webp","contentUrl":"https:\/\/sttrades.com\/wp-content\/uploads\/2024\/03\/sttrades-logo.webp","width":639,"height":301,"caption":"TradeS"},"image":{"@id":"https:\/\/sttrades.com\/en\/#\/schema\/logo\/image\/"}}]}},"_links":{"self":[{"href":"https:\/\/sttrades.com\/en\/wp-json\/wp\/v2\/product\/2388","targetHints":{"allow":["GET"]}}],"collection":[{"href":"https:\/\/sttrades.com\/en\/wp-json\/wp\/v2\/product"}],"about":[{"href":"https:\/\/sttrades.com\/en\/wp-json\/wp\/v2\/types\/product"}],"replies":[{"embeddable":true,"href":"https:\/\/sttrades.com\/en\/wp-json\/wp\/v2\/comments?post=2388"}],"wp:featuredmedia":[{"embeddable":true,"href":"https:\/\/sttrades.com\/en\/wp-json\/wp\/v2\/media\/2389"}],"wp:attachment":[{"href":"https:\/\/sttrades.com\/en\/wp-json\/wp\/v2\/media?parent=2388"}],"wp:term":[{"taxonomy":"product_cat","embeddable":true,"href":"https:\/\/sttrades.com\/en\/wp-json\/wp\/v2\/product_cat?post=2388"},{"taxonomy":"product_tag","embeddable":true,"href":"https:\/\/sttrades.com\/en\/wp-json\/wp\/v2\/product_tag?post=2388"}],"curies":[{"name":"wp","href":"https:\/\/api.w.org\/{rel}","templated":true}]}}