{"id":2412,"date":"2024-03-10T21:08:12","date_gmt":"2024-03-10T21:08:12","guid":{"rendered":"https:\/\/sttrades.com\/product\/isoltest-battery-series\/"},"modified":"2024-03-10T21:08:12","modified_gmt":"2024-03-10T21:08:12","slug":"isoltest-battery-series","status":"publish","type":"product","link":"https:\/\/sttrades.com\/en\/product\/isoltest-battery-series\/","title":{"rendered":"ISOLTEST BATTERY SERIES"},"content":{"rendered":"<p><strong>Characteristics :<\/strong><\/p>\n<ul>\n<li>Assembly: OMEGA busbar &#8211; DIN EN 50022<\/li>\n<li>Dimensions: width 157.5 mm (9 17.5 step modules)<\/li>\n<li>Compliance with EN 61557-1; Part 8.<\/li>\n<\/ul>\n<p><strong>Application :<\/strong><\/p>\n<ul>\n<li>24 Vac or 24 Vdc equipment for the provision of edible lamps for operating theatres or other VDC users, such as photovoltaic installations<\/li>\n<li>This series of ground fault detection ISOLTEST batteries is designed to continuously monitor the ground resistance of <em>insulation in 24 Vac or 24 Vdc equipment<\/em>, for the provision of seating lamps to operating theatres or other VDC users such as photovoltaic installations.<\/li>\n<li>Kai izoliacijos var\u017ea nukrenta \u017eemiau nurodytos vert\u0117s (i\u0161reik\u0161tos kohm), \u017eem\u0117s gedim\u0173 aptikimo ISOLTEST baterijos serija \u012fsijungia, aktyvuojant garso signal\u0105 ir optin\u012f indikatori\u0173.<\/li>\n<li>Calibration is carried out by a potentiometer on the front of the unit, allowing control from 50 kohm to 150 kohm; a green LED (NORMAL) indicates the isolation status, a red LED (ALARM) indicates the failure status. There are also two TEST and RESET buttons.<\/li>\n<li>Remote optical and acoustic indicators can be connected to the rear unit along with the usual check buttons for testing and resetting.<\/li>\n<\/ul>\n<p>&nbsp;<\/p>\n","protected":false},"excerpt":{"rendered":"<p><strong>Features :<\/strong><br \/>\nApplication: 24 Vac or 24 Vdc tools.<br \/>\nCalibration range: 50 \u00f7 150 kohm<br \/>\nRemote optical and acoustic indicators available<\/p>\n<p><strong>Application :<\/strong><br \/>\n24 Vac arba 24 V nuolatin\u0117s srov\u0117s \u012franga, skirta operacini\u0173 lempoms operacin\u0117se arba kitiems nuolatin\u0117s srov\u0117s vartotojams, pavyzd\u017eiui, fotovoltiniams \u012frenginiams, maitinti.<\/p>\n<p><strong>We are ready to advise you on technical issues and provide you with a detailed proposal just for you!<\/strong><\/p>\n\t\t<div data-elementor-type=\"container\" data-elementor-id=\"3077\" class=\"elementor elementor-3077 elementor-2063\" data-elementor-post-type=\"elementor_library\">\n\t\t\t\t<div class=\"elementor-element elementor-element-faff34d e-flex e-con-boxed e-con e-parent\" data-id=\"faff34d\" data-element_type=\"container\" data-settings=\"{&quot;_ha_eqh_enable&quot;:false}\" data-core-v316-plus=\"true\">\n\t\t\t\t\t<div class=\"e-con-inner\">\n\t\t<div class=\"elementor-element elementor-element-752ea74 e-con-full e-flex e-con e-child\" data-id=\"752ea74\" data-element_type=\"container\" data-settings=\"{&quot;_ha_eqh_enable&quot;:false}\">\n\t\t\t\t<div class=\"elementor-element elementor-element-284ae94 elementor-widget elementor-widget-porto_button\" data-id=\"284ae94\" data-element_type=\"widget\" data-settings=\"{&quot;align&quot;:&quot;left&quot;}\" data-widget_type=\"porto_button.default\">\n\t\t\t\t<div class=\"elementor-widget-container\">\n\t\t\t<a aria-label=\"button\" class=\"btn btn-md btn-primary\" href=\"#elementor-action%3Aaction%3Dpopup%3Aopen%26settings%3DeyJpZCI6MzA4MSwidG9nZ2xlIjpmYWxzZX0%3D\"><span >Enquire<\/span><\/a>\t\t<\/div>\n\t\t\t\t<\/div>\n\t\t\t\t<\/div>\n\t\t<div class=\"elementor-element elementor-element-d63226b e-con-full e-flex e-con e-child\" data-id=\"d63226b\" data-element_type=\"container\" data-settings=\"{&quot;_ha_eqh_enable&quot;:false}\">\n\t\t\t\t<div class=\"elementor-element elementor-element-bccf8ed elementor-widget elementor-widget-porto_button\" data-id=\"bccf8ed\" data-element_type=\"widget\" data-widget_type=\"porto_button.default\">\n\t\t\t\t<div class=\"elementor-widget-container\">\n\t\t\t<a aria-label=\"button\" class=\"btn btn-md btn-primary\" href=\"tel:+370%20639%2092414\"><span >+370 639 92414<\/span><\/a>\t\t<\/div>\n\t\t\t\t<\/div>\n\t\t\t\t<\/div>\n\t\t\t\t\t<\/div>\n\t\t\t\t<\/div>\n\t\t\t\t<\/div>\n\t\t\n","protected":false},"featured_media":2413,"comment_status":"closed","ping_status":"closed","template":"","meta":[],"product_cat":[58],"product_tag":[],"class_list":{"0":"post-2412","1":"product","2":"type-product","3":"status-publish","4":"has-post-thumbnail","6":"product_cat-troubleshooting-equipment","8":"first","9":"instock","10":"shipping-taxable","11":"product-type-simple"},"yoast_head":"<!-- This site is optimized with the Yoast SEO plugin v22.3 - https:\/\/yoast.com\/wordpress\/plugins\/seo\/ -->\n<title>ISOLTEST BATTERY SERIES - TradeS<\/title>\n<meta name=\"robots\" content=\"index, follow, max-snippet:-1, max-image-preview:large, max-video-preview:-1\" \/>\n<link rel=\"canonical\" href=\"https:\/\/sttrades.com\/en\/product\/isoltest-battery-series\/\" \/>\n<meta property=\"og:locale\" content=\"en_US\" \/>\n<meta property=\"og:type\" content=\"article\" \/>\n<meta property=\"og:title\" content=\"ISOLTEST BATTERY SERIES - TradeS\" \/>\n<meta property=\"og:description\" content=\"Features : Application: 24 Vac or 24 Vdc tools. Calibration range: 50 \u00f7 150 kohm Remote optical and acoustic indicators available Application : 24 Vac arba 24 V nuolatin\u0117s srov\u0117s \u012franga, skirta operacini\u0173 lempoms operacin\u0117se arba kitiems nuolatin\u0117s srov\u0117s vartotojams, pavyzd\u017eiui, fotovoltiniams \u012frenginiams, maitinti. We are ready to advise you on technical issues and provide you with a detailed proposal just for you!\" \/>\n<meta property=\"og:url\" content=\"https:\/\/sttrades.com\/en\/product\/isoltest-battery-series\/\" \/>\n<meta property=\"og:site_name\" content=\"TradeS\" \/>\n<meta property=\"og:image\" content=\"https:\/\/sttrades.com\/wp-content\/uploads\/2024\/03\/isoltest-battery-serija_1.jpg\" \/>\n\t<meta property=\"og:image:width\" content=\"597\" \/>\n\t<meta property=\"og:image:height\" content=\"533\" \/>\n\t<meta property=\"og:image:type\" content=\"image\/jpeg\" \/>\n<meta name=\"twitter:card\" content=\"summary_large_image\" \/>\n<meta name=\"twitter:label1\" content=\"Est. reading time\" \/>\n\t<meta name=\"twitter:data1\" content=\"1 minute\" \/>\n<script type=\"application\/ld+json\" class=\"yoast-schema-graph\">{\"@context\":\"https:\/\/schema.org\",\"@graph\":[{\"@type\":\"WebPage\",\"@id\":\"https:\/\/sttrades.com\/en\/product\/isoltest-battery-series\/\",\"url\":\"https:\/\/sttrades.com\/en\/product\/isoltest-battery-series\/\",\"name\":\"ISOLTEST BATTERY SERIES - TradeS\",\"isPartOf\":{\"@id\":\"https:\/\/sttrades.com\/en\/#website\"},\"primaryImageOfPage\":{\"@id\":\"https:\/\/sttrades.com\/en\/product\/isoltest-battery-series\/#primaryimage\"},\"image\":{\"@id\":\"https:\/\/sttrades.com\/en\/product\/isoltest-battery-series\/#primaryimage\"},\"thumbnailUrl\":\"https:\/\/sttrades.com\/wp-content\/uploads\/2024\/03\/isoltest-battery-serija_1.jpg\",\"datePublished\":\"2024-03-10T21:08:12+00:00\",\"dateModified\":\"2024-03-10T21:08:12+00:00\",\"breadcrumb\":{\"@id\":\"https:\/\/sttrades.com\/en\/product\/isoltest-battery-series\/#breadcrumb\"},\"inLanguage\":\"en-US\",\"potentialAction\":[{\"@type\":\"ReadAction\",\"target\":[\"https:\/\/sttrades.com\/en\/product\/isoltest-battery-series\/\"]}]},{\"@type\":\"ImageObject\",\"inLanguage\":\"en-US\",\"@id\":\"https:\/\/sttrades.com\/en\/product\/isoltest-battery-series\/#primaryimage\",\"url\":\"https:\/\/sttrades.com\/wp-content\/uploads\/2024\/03\/isoltest-battery-serija_1.jpg\",\"contentUrl\":\"https:\/\/sttrades.com\/wp-content\/uploads\/2024\/03\/isoltest-battery-serija_1.jpg\",\"width\":597,\"height\":533},{\"@type\":\"BreadcrumbList\",\"@id\":\"https:\/\/sttrades.com\/en\/product\/isoltest-battery-series\/#breadcrumb\",\"itemListElement\":[{\"@type\":\"ListItem\",\"position\":1,\"name\":\"Home\",\"item\":\"https:\/\/sttrades.com\/ru\/\"},{\"@type\":\"ListItem\",\"position\":2,\"name\":\"Products\",\"item\":\"https:\/\/sttrades.com\/en\/products\/\"},{\"@type\":\"ListItem\",\"position\":3,\"name\":\"ISOLTEST BATTERY SERIES\"}]},{\"@type\":\"WebSite\",\"@id\":\"https:\/\/sttrades.com\/en\/#website\",\"url\":\"https:\/\/sttrades.com\/en\/\",\"name\":\"\u0160iuolaikin\u0117 prekybin\u0117 \u012fmon\u0117\",\"description\":\"Alternatyvi energija | Akustin\u0117s sienos\",\"publisher\":{\"@id\":\"https:\/\/sttrades.com\/en\/#organization\"},\"potentialAction\":[{\"@type\":\"SearchAction\",\"target\":{\"@type\":\"EntryPoint\",\"urlTemplate\":\"https:\/\/sttrades.com\/en\/?s={search_term_string}\"},\"query-input\":\"required name=search_term_string\"}],\"inLanguage\":\"en-US\"},{\"@type\":\"Organization\",\"@id\":\"https:\/\/sttrades.com\/en\/#organization\",\"name\":\"TradeS\",\"url\":\"https:\/\/sttrades.com\/en\/\",\"logo\":{\"@type\":\"ImageObject\",\"inLanguage\":\"en-US\",\"@id\":\"https:\/\/sttrades.com\/en\/#\/schema\/logo\/image\/\",\"url\":\"https:\/\/sttrades.com\/wp-content\/uploads\/2024\/03\/sttrades-logo.webp\",\"contentUrl\":\"https:\/\/sttrades.com\/wp-content\/uploads\/2024\/03\/sttrades-logo.webp\",\"width\":639,\"height\":301,\"caption\":\"TradeS\"},\"image\":{\"@id\":\"https:\/\/sttrades.com\/en\/#\/schema\/logo\/image\/\"}}]}<\/script>\n<!-- \/ Yoast SEO plugin. -->","yoast_head_json":{"title":"ISOLTEST BATTERY SERIES - TradeS","robots":{"index":"index","follow":"follow","max-snippet":"max-snippet:-1","max-image-preview":"max-image-preview:large","max-video-preview":"max-video-preview:-1"},"canonical":"https:\/\/sttrades.com\/en\/product\/isoltest-battery-series\/","og_locale":"en_US","og_type":"article","og_title":"ISOLTEST BATTERY SERIES - TradeS","og_description":"Features : Application: 24 Vac or 24 Vdc tools. Calibration range: 50 \u00f7 150 kohm Remote optical and acoustic indicators available Application : 24 Vac arba 24 V nuolatin\u0117s srov\u0117s \u012franga, skirta operacini\u0173 lempoms operacin\u0117se arba kitiems nuolatin\u0117s srov\u0117s vartotojams, pavyzd\u017eiui, fotovoltiniams \u012frenginiams, maitinti. We are ready to advise you on technical issues and provide you with a detailed proposal just for you!","og_url":"https:\/\/sttrades.com\/en\/product\/isoltest-battery-series\/","og_site_name":"TradeS","og_image":[{"width":597,"height":533,"url":"https:\/\/sttrades.com\/wp-content\/uploads\/2024\/03\/isoltest-battery-serija_1.jpg","type":"image\/jpeg"}],"twitter_card":"summary_large_image","twitter_misc":{"Est. reading time":"1 minute"},"schema":{"@context":"https:\/\/schema.org","@graph":[{"@type":"WebPage","@id":"https:\/\/sttrades.com\/en\/product\/isoltest-battery-series\/","url":"https:\/\/sttrades.com\/en\/product\/isoltest-battery-series\/","name":"ISOLTEST BATTERY SERIES - TradeS","isPartOf":{"@id":"https:\/\/sttrades.com\/en\/#website"},"primaryImageOfPage":{"@id":"https:\/\/sttrades.com\/en\/product\/isoltest-battery-series\/#primaryimage"},"image":{"@id":"https:\/\/sttrades.com\/en\/product\/isoltest-battery-series\/#primaryimage"},"thumbnailUrl":"https:\/\/sttrades.com\/wp-content\/uploads\/2024\/03\/isoltest-battery-serija_1.jpg","datePublished":"2024-03-10T21:08:12+00:00","dateModified":"2024-03-10T21:08:12+00:00","breadcrumb":{"@id":"https:\/\/sttrades.com\/en\/product\/isoltest-battery-series\/#breadcrumb"},"inLanguage":"en-US","potentialAction":[{"@type":"ReadAction","target":["https:\/\/sttrades.com\/en\/product\/isoltest-battery-series\/"]}]},{"@type":"ImageObject","inLanguage":"en-US","@id":"https:\/\/sttrades.com\/en\/product\/isoltest-battery-series\/#primaryimage","url":"https:\/\/sttrades.com\/wp-content\/uploads\/2024\/03\/isoltest-battery-serija_1.jpg","contentUrl":"https:\/\/sttrades.com\/wp-content\/uploads\/2024\/03\/isoltest-battery-serija_1.jpg","width":597,"height":533},{"@type":"BreadcrumbList","@id":"https:\/\/sttrades.com\/en\/product\/isoltest-battery-series\/#breadcrumb","itemListElement":[{"@type":"ListItem","position":1,"name":"Home","item":"https:\/\/sttrades.com\/ru\/"},{"@type":"ListItem","position":2,"name":"Products","item":"https:\/\/sttrades.com\/en\/products\/"},{"@type":"ListItem","position":3,"name":"ISOLTEST BATTERY SERIES"}]},{"@type":"WebSite","@id":"https:\/\/sttrades.com\/en\/#website","url":"https:\/\/sttrades.com\/en\/","name":"\u0160iuolaikin\u0117 prekybin\u0117 \u012fmon\u0117","description":"Alternatyvi energija | Akustin\u0117s sienos","publisher":{"@id":"https:\/\/sttrades.com\/en\/#organization"},"potentialAction":[{"@type":"SearchAction","target":{"@type":"EntryPoint","urlTemplate":"https:\/\/sttrades.com\/en\/?s={search_term_string}"},"query-input":"required name=search_term_string"}],"inLanguage":"en-US"},{"@type":"Organization","@id":"https:\/\/sttrades.com\/en\/#organization","name":"TradeS","url":"https:\/\/sttrades.com\/en\/","logo":{"@type":"ImageObject","inLanguage":"en-US","@id":"https:\/\/sttrades.com\/en\/#\/schema\/logo\/image\/","url":"https:\/\/sttrades.com\/wp-content\/uploads\/2024\/03\/sttrades-logo.webp","contentUrl":"https:\/\/sttrades.com\/wp-content\/uploads\/2024\/03\/sttrades-logo.webp","width":639,"height":301,"caption":"TradeS"},"image":{"@id":"https:\/\/sttrades.com\/en\/#\/schema\/logo\/image\/"}}]}},"_links":{"self":[{"href":"https:\/\/sttrades.com\/en\/wp-json\/wp\/v2\/product\/2412","targetHints":{"allow":["GET"]}}],"collection":[{"href":"https:\/\/sttrades.com\/en\/wp-json\/wp\/v2\/product"}],"about":[{"href":"https:\/\/sttrades.com\/en\/wp-json\/wp\/v2\/types\/product"}],"replies":[{"embeddable":true,"href":"https:\/\/sttrades.com\/en\/wp-json\/wp\/v2\/comments?post=2412"}],"wp:featuredmedia":[{"embeddable":true,"href":"https:\/\/sttrades.com\/en\/wp-json\/wp\/v2\/media\/2413"}],"wp:attachment":[{"href":"https:\/\/sttrades.com\/en\/wp-json\/wp\/v2\/media?parent=2412"}],"wp:term":[{"taxonomy":"product_cat","embeddable":true,"href":"https:\/\/sttrades.com\/en\/wp-json\/wp\/v2\/product_cat?post=2412"},{"taxonomy":"product_tag","embeddable":true,"href":"https:\/\/sttrades.com\/en\/wp-json\/wp\/v2\/product_tag?post=2412"}],"curies":[{"name":"wp","href":"https:\/\/api.w.org\/{rel}","templated":true}]}}