{"id":2424,"date":"2024-03-10T20:49:39","date_gmt":"2024-03-10T20:49:39","guid":{"rendered":"https:\/\/sttrades.com\/product\/isc-series-inverters\/"},"modified":"2024-03-10T20:49:39","modified_gmt":"2024-03-10T20:49:39","slug":"isc-series-inverters","status":"publish","type":"product","link":"https:\/\/sttrades.com\/en\/product\/isc-series-inverters\/","title":{"rendered":"ISC SERIES INVERTERS"},"content":{"rendered":"<p><strong>Characteristics :<\/strong><\/p>\n<ul>\n<li>Robustness<\/li>\n<li>High professional level of the components used<\/li>\n<li>High reliability<\/li>\n<\/ul>\n<p><strong>Application :<\/strong><\/p>\n<ul>\n<li>Telephone power stations<\/li>\n<li>Hydroelectric and thermoelectric power plants<\/li>\n<li>Solar power plants<\/li>\n<li>Wind turbines<\/li>\n<li>Radio links<\/li>\n<li>Ambulances<\/li>\n<li>J\u016br\u0173 laivai<\/li>\n<\/ul>\n<p>The ISC series of static converters <em>offers<\/em> the ultimate in <em>quality and reliability<\/em>. They are the ideal solutions to protect electrical, electronic and computer systems in areas where only <em>direct current<\/em> is present.<\/p>\n","protected":false},"excerpt":{"rendered":"<p><strong>Features :<\/strong><br \/>\nPower range: 100 \u00f7 500 VA<br \/>\nTopology: sine wave with transformer<br \/>\nInput voltage: 12, 24, 48 Vdc<\/p>\n<p><strong>Application :<\/strong><br \/>\nExtensive, many industries<\/p>\n<p><strong>We are ready to advise you on technical issues and provide you with a detailed proposal just for you!<\/strong><\/p>\n\t\t<div data-elementor-type=\"container\" data-elementor-id=\"3077\" class=\"elementor elementor-3077 elementor-2063\" data-elementor-post-type=\"elementor_library\">\n\t\t\t\t<div class=\"elementor-element elementor-element-faff34d e-flex e-con-boxed e-con e-parent\" data-id=\"faff34d\" data-element_type=\"container\" data-settings=\"{&quot;_ha_eqh_enable&quot;:false}\" data-core-v316-plus=\"true\">\n\t\t\t\t\t<div class=\"e-con-inner\">\n\t\t<div class=\"elementor-element elementor-element-752ea74 e-con-full e-flex e-con e-child\" data-id=\"752ea74\" data-element_type=\"container\" data-settings=\"{&quot;_ha_eqh_enable&quot;:false}\">\n\t\t\t\t<div class=\"elementor-element elementor-element-284ae94 elementor-widget elementor-widget-porto_button\" data-id=\"284ae94\" data-element_type=\"widget\" data-settings=\"{&quot;align&quot;:&quot;left&quot;}\" data-widget_type=\"porto_button.default\">\n\t\t\t\t<div class=\"elementor-widget-container\">\n\t\t\t<a aria-label=\"button\" class=\"btn btn-md btn-primary\" href=\"#elementor-action%3Aaction%3Dpopup%3Aopen%26settings%3DeyJpZCI6MzA4MSwidG9nZ2xlIjpmYWxzZX0%3D\"><span >Enquire<\/span><\/a>\t\t<\/div>\n\t\t\t\t<\/div>\n\t\t\t\t<\/div>\n\t\t<div class=\"elementor-element elementor-element-d63226b e-con-full e-flex e-con e-child\" data-id=\"d63226b\" data-element_type=\"container\" data-settings=\"{&quot;_ha_eqh_enable&quot;:false}\">\n\t\t\t\t<div class=\"elementor-element elementor-element-bccf8ed elementor-widget elementor-widget-porto_button\" data-id=\"bccf8ed\" data-element_type=\"widget\" data-widget_type=\"porto_button.default\">\n\t\t\t\t<div class=\"elementor-widget-container\">\n\t\t\t<a aria-label=\"button\" class=\"btn btn-md btn-primary\" href=\"tel:+370%20639%2092414\"><span >+370 639 92414<\/span><\/a>\t\t<\/div>\n\t\t\t\t<\/div>\n\t\t\t\t<\/div>\n\t\t\t\t\t<\/div>\n\t\t\t\t<\/div>\n\t\t\t\t<\/div>\n\t\t\n","protected":false},"featured_media":2425,"comment_status":"closed","ping_status":"closed","template":"","meta":[],"product_cat":[59],"product_tag":[],"class_list":{"0":"post-2424","1":"product","2":"type-product","3":"status-publish","4":"has-post-thumbnail","6":"product_cat-converters","8":"first","9":"instock","10":"shipping-taxable","11":"product-type-simple"},"yoast_head":"<!-- This site is optimized with the Yoast SEO plugin v22.3 - https:\/\/yoast.com\/wordpress\/plugins\/seo\/ -->\n<title>ISC SERIES INVERTERS - TradeS<\/title>\n<meta name=\"robots\" content=\"index, follow, max-snippet:-1, max-image-preview:large, max-video-preview:-1\" \/>\n<link rel=\"canonical\" href=\"https:\/\/sttrades.com\/en\/product\/isc-series-inverters\/\" \/>\n<meta property=\"og:locale\" content=\"en_US\" \/>\n<meta property=\"og:type\" content=\"article\" \/>\n<meta property=\"og:title\" content=\"ISC SERIES INVERTERS - TradeS\" \/>\n<meta property=\"og:description\" content=\"Features : Power range: 100 \u00f7 500 VA Topology: sine wave with transformer Input voltage: 12, 24, 48 Vdc Application : Extensive, many industries We are ready to advise you on technical issues and provide you with a detailed proposal just for you!\" \/>\n<meta property=\"og:url\" content=\"https:\/\/sttrades.com\/en\/product\/isc-series-inverters\/\" \/>\n<meta property=\"og:site_name\" content=\"TradeS\" \/>\n<meta property=\"og:image\" content=\"https:\/\/sttrades.com\/wp-content\/uploads\/2024\/03\/inverteriu-ics-serija_1.jpg\" \/>\n\t<meta property=\"og:image:width\" content=\"597\" \/>\n\t<meta property=\"og:image:height\" content=\"533\" \/>\n\t<meta property=\"og:image:type\" content=\"image\/jpeg\" \/>\n<meta name=\"twitter:card\" content=\"summary_large_image\" \/>\n<script type=\"application\/ld+json\" class=\"yoast-schema-graph\">{\"@context\":\"https:\/\/schema.org\",\"@graph\":[{\"@type\":\"WebPage\",\"@id\":\"https:\/\/sttrades.com\/en\/product\/isc-series-inverters\/\",\"url\":\"https:\/\/sttrades.com\/en\/product\/isc-series-inverters\/\",\"name\":\"ISC SERIES INVERTERS - TradeS\",\"isPartOf\":{\"@id\":\"https:\/\/sttrades.com\/en\/#website\"},\"primaryImageOfPage\":{\"@id\":\"https:\/\/sttrades.com\/en\/product\/isc-series-inverters\/#primaryimage\"},\"image\":{\"@id\":\"https:\/\/sttrades.com\/en\/product\/isc-series-inverters\/#primaryimage\"},\"thumbnailUrl\":\"https:\/\/sttrades.com\/wp-content\/uploads\/2024\/03\/inverteriu-ics-serija_1.jpg\",\"datePublished\":\"2024-03-10T20:49:39+00:00\",\"dateModified\":\"2024-03-10T20:49:39+00:00\",\"breadcrumb\":{\"@id\":\"https:\/\/sttrades.com\/en\/product\/isc-series-inverters\/#breadcrumb\"},\"inLanguage\":\"en-US\",\"potentialAction\":[{\"@type\":\"ReadAction\",\"target\":[\"https:\/\/sttrades.com\/en\/product\/isc-series-inverters\/\"]}]},{\"@type\":\"ImageObject\",\"inLanguage\":\"en-US\",\"@id\":\"https:\/\/sttrades.com\/en\/product\/isc-series-inverters\/#primaryimage\",\"url\":\"https:\/\/sttrades.com\/wp-content\/uploads\/2024\/03\/inverteriu-ics-serija_1.jpg\",\"contentUrl\":\"https:\/\/sttrades.com\/wp-content\/uploads\/2024\/03\/inverteriu-ics-serija_1.jpg\",\"width\":597,\"height\":533},{\"@type\":\"BreadcrumbList\",\"@id\":\"https:\/\/sttrades.com\/en\/product\/isc-series-inverters\/#breadcrumb\",\"itemListElement\":[{\"@type\":\"ListItem\",\"position\":1,\"name\":\"Home\",\"item\":\"https:\/\/sttrades.com\/ru\/\"},{\"@type\":\"ListItem\",\"position\":2,\"name\":\"Products\",\"item\":\"https:\/\/sttrades.com\/en\/products\/\"},{\"@type\":\"ListItem\",\"position\":3,\"name\":\"ISC SERIES INVERTERS\"}]},{\"@type\":\"WebSite\",\"@id\":\"https:\/\/sttrades.com\/en\/#website\",\"url\":\"https:\/\/sttrades.com\/en\/\",\"name\":\"\u0160iuolaikin\u0117 prekybin\u0117 \u012fmon\u0117\",\"description\":\"Alternatyvi energija | Akustin\u0117s sienos\",\"publisher\":{\"@id\":\"https:\/\/sttrades.com\/en\/#organization\"},\"potentialAction\":[{\"@type\":\"SearchAction\",\"target\":{\"@type\":\"EntryPoint\",\"urlTemplate\":\"https:\/\/sttrades.com\/en\/?s={search_term_string}\"},\"query-input\":\"required name=search_term_string\"}],\"inLanguage\":\"en-US\"},{\"@type\":\"Organization\",\"@id\":\"https:\/\/sttrades.com\/en\/#organization\",\"name\":\"TradeS\",\"url\":\"https:\/\/sttrades.com\/en\/\",\"logo\":{\"@type\":\"ImageObject\",\"inLanguage\":\"en-US\",\"@id\":\"https:\/\/sttrades.com\/en\/#\/schema\/logo\/image\/\",\"url\":\"https:\/\/sttrades.com\/wp-content\/uploads\/2024\/03\/sttrades-logo.webp\",\"contentUrl\":\"https:\/\/sttrades.com\/wp-content\/uploads\/2024\/03\/sttrades-logo.webp\",\"width\":639,\"height\":301,\"caption\":\"TradeS\"},\"image\":{\"@id\":\"https:\/\/sttrades.com\/en\/#\/schema\/logo\/image\/\"}}]}<\/script>\n<!-- \/ Yoast SEO plugin. -->","yoast_head_json":{"title":"ISC SERIES INVERTERS - TradeS","robots":{"index":"index","follow":"follow","max-snippet":"max-snippet:-1","max-image-preview":"max-image-preview:large","max-video-preview":"max-video-preview:-1"},"canonical":"https:\/\/sttrades.com\/en\/product\/isc-series-inverters\/","og_locale":"en_US","og_type":"article","og_title":"ISC SERIES INVERTERS - TradeS","og_description":"Features : Power range: 100 \u00f7 500 VA Topology: sine wave with transformer Input voltage: 12, 24, 48 Vdc Application : Extensive, many industries We are ready to advise you on technical issues and provide you with a detailed proposal just for you!","og_url":"https:\/\/sttrades.com\/en\/product\/isc-series-inverters\/","og_site_name":"TradeS","og_image":[{"width":597,"height":533,"url":"https:\/\/sttrades.com\/wp-content\/uploads\/2024\/03\/inverteriu-ics-serija_1.jpg","type":"image\/jpeg"}],"twitter_card":"summary_large_image","schema":{"@context":"https:\/\/schema.org","@graph":[{"@type":"WebPage","@id":"https:\/\/sttrades.com\/en\/product\/isc-series-inverters\/","url":"https:\/\/sttrades.com\/en\/product\/isc-series-inverters\/","name":"ISC SERIES INVERTERS - TradeS","isPartOf":{"@id":"https:\/\/sttrades.com\/en\/#website"},"primaryImageOfPage":{"@id":"https:\/\/sttrades.com\/en\/product\/isc-series-inverters\/#primaryimage"},"image":{"@id":"https:\/\/sttrades.com\/en\/product\/isc-series-inverters\/#primaryimage"},"thumbnailUrl":"https:\/\/sttrades.com\/wp-content\/uploads\/2024\/03\/inverteriu-ics-serija_1.jpg","datePublished":"2024-03-10T20:49:39+00:00","dateModified":"2024-03-10T20:49:39+00:00","breadcrumb":{"@id":"https:\/\/sttrades.com\/en\/product\/isc-series-inverters\/#breadcrumb"},"inLanguage":"en-US","potentialAction":[{"@type":"ReadAction","target":["https:\/\/sttrades.com\/en\/product\/isc-series-inverters\/"]}]},{"@type":"ImageObject","inLanguage":"en-US","@id":"https:\/\/sttrades.com\/en\/product\/isc-series-inverters\/#primaryimage","url":"https:\/\/sttrades.com\/wp-content\/uploads\/2024\/03\/inverteriu-ics-serija_1.jpg","contentUrl":"https:\/\/sttrades.com\/wp-content\/uploads\/2024\/03\/inverteriu-ics-serija_1.jpg","width":597,"height":533},{"@type":"BreadcrumbList","@id":"https:\/\/sttrades.com\/en\/product\/isc-series-inverters\/#breadcrumb","itemListElement":[{"@type":"ListItem","position":1,"name":"Home","item":"https:\/\/sttrades.com\/ru\/"},{"@type":"ListItem","position":2,"name":"Products","item":"https:\/\/sttrades.com\/en\/products\/"},{"@type":"ListItem","position":3,"name":"ISC SERIES INVERTERS"}]},{"@type":"WebSite","@id":"https:\/\/sttrades.com\/en\/#website","url":"https:\/\/sttrades.com\/en\/","name":"\u0160iuolaikin\u0117 prekybin\u0117 \u012fmon\u0117","description":"Alternatyvi energija | Akustin\u0117s sienos","publisher":{"@id":"https:\/\/sttrades.com\/en\/#organization"},"potentialAction":[{"@type":"SearchAction","target":{"@type":"EntryPoint","urlTemplate":"https:\/\/sttrades.com\/en\/?s={search_term_string}"},"query-input":"required name=search_term_string"}],"inLanguage":"en-US"},{"@type":"Organization","@id":"https:\/\/sttrades.com\/en\/#organization","name":"TradeS","url":"https:\/\/sttrades.com\/en\/","logo":{"@type":"ImageObject","inLanguage":"en-US","@id":"https:\/\/sttrades.com\/en\/#\/schema\/logo\/image\/","url":"https:\/\/sttrades.com\/wp-content\/uploads\/2024\/03\/sttrades-logo.webp","contentUrl":"https:\/\/sttrades.com\/wp-content\/uploads\/2024\/03\/sttrades-logo.webp","width":639,"height":301,"caption":"TradeS"},"image":{"@id":"https:\/\/sttrades.com\/en\/#\/schema\/logo\/image\/"}}]}},"_links":{"self":[{"href":"https:\/\/sttrades.com\/en\/wp-json\/wp\/v2\/product\/2424","targetHints":{"allow":["GET"]}}],"collection":[{"href":"https:\/\/sttrades.com\/en\/wp-json\/wp\/v2\/product"}],"about":[{"href":"https:\/\/sttrades.com\/en\/wp-json\/wp\/v2\/types\/product"}],"replies":[{"embeddable":true,"href":"https:\/\/sttrades.com\/en\/wp-json\/wp\/v2\/comments?post=2424"}],"wp:featuredmedia":[{"embeddable":true,"href":"https:\/\/sttrades.com\/en\/wp-json\/wp\/v2\/media\/2425"}],"wp:attachment":[{"href":"https:\/\/sttrades.com\/en\/wp-json\/wp\/v2\/media?parent=2424"}],"wp:term":[{"taxonomy":"product_cat","embeddable":true,"href":"https:\/\/sttrades.com\/en\/wp-json\/wp\/v2\/product_cat?post=2424"},{"taxonomy":"product_tag","embeddable":true,"href":"https:\/\/sttrades.com\/en\/wp-json\/wp\/v2\/product_tag?post=2424"}],"curies":[{"name":"wp","href":"https:\/\/api.w.org\/{rel}","templated":true}]}}