{"id":2428,"date":"2024-03-10T20:43:13","date_gmt":"2024-03-10T20:43:13","guid":{"rendered":"https:\/\/sttrades.com\/product\/cr-series-of-linear-air-conditioners\/"},"modified":"2024-03-10T20:43:13","modified_gmt":"2024-03-10T20:43:13","slug":"cr-series-of-linear-air-conditioners","status":"publish","type":"product","link":"https:\/\/sttrades.com\/en\/product\/cr-series-of-linear-air-conditioners\/","title":{"rendered":"CR SERIES OF LINEAR AIR CONDITIONERS"},"content":{"rendered":"<p><strong>Characteristics :<\/strong><\/p>\n<ul>\n<li>Galvanic isolation between input and output<\/li>\n<li>Fully electronic<\/li>\n<li>Full power across the entire input voltage range and independent voltage regulation at each stage<\/li>\n<li>High speed of intervention<\/li>\n<li>No harmonic distortion for customer loads<\/li>\n<li>Standard input voltage range \u00b125%, which can be extended to -60%+40%.<\/li>\n<li>High efficiency<\/li>\n<li>No micro-break output voltage due to corrections<\/li>\n<\/ul>\n<p><strong>Application :<\/strong><\/p>\n<ul>\n<li>Energy production<\/li>\n<li>Transmission and distribution<\/li>\n<li>Oil and gas<\/li>\n<li>Infrastructure<\/li>\n<li>Industry<\/li>\n<li>Hospitals<\/li>\n<li>Railway<\/li>\n<li>Telecommunications<\/li>\n<\/ul>\n<p>The CR line of air conditioners offers professionals a <em>high level of reliability<\/em> thanks to the high level of professionalism of the <em>components used and the strict<\/em> manufacturing <em>control<\/em> procedures.<\/p>\n<p>The CR line of air conditioners are &#8220;electronic&#8221; because both the control and regulation system is purely electronic.<\/p>\n<p>Our line conditioners use the series <em>transformer<\/em> principle to gradually and rapidly increase or decrease the value of the input voltage through a secondary winding, a series transformer fed by power triacs and controlled by an electronic board with a microprocessor at high speed.<\/p>\n<p>The principle of AC stabilisation is to add or subtract voltage at the same frequency and phase, or unphased (180\u00b0), which is always accepted by the mains, in order to bring the output voltage back into the planned range. The series transformer&#8217;s supply voltage is provided by a power triac, driven by an electronic board, which ensures that the series transformer is supplied up to its rated voltage by continuously checking the output voltage.<\/p>\n<p>So far, CR line conditioners have been installed in several African countries, such as Nigeria and Angola, to stabilise the voltage from power plants far away from the towns or villages that use that power.<\/p>\n","protected":false},"excerpt":{"rendered":"<p><strong>Features :<\/strong><br \/>\nPower range: 1 \u00f7 2000 kVA<br \/>\nTopology: electronic with galvanic isolation<br \/>\nInput voltage range: \u00b125%, extendable to -60% +40%<\/p>\n<p><strong>Application :<\/strong><br \/>\nExtensive, many industries<\/p>\n<p><strong>We are ready to advise you on technical issues and provide you with a detailed proposal just for you!<\/strong><\/p>\n\t\t<div data-elementor-type=\"container\" data-elementor-id=\"3077\" class=\"elementor elementor-3077 elementor-2063\" data-elementor-post-type=\"elementor_library\">\n\t\t\t\t<div class=\"elementor-element elementor-element-faff34d e-flex e-con-boxed e-con e-parent\" data-id=\"faff34d\" data-element_type=\"container\" data-settings=\"{&quot;_ha_eqh_enable&quot;:false}\" data-core-v316-plus=\"true\">\n\t\t\t\t\t<div class=\"e-con-inner\">\n\t\t<div class=\"elementor-element elementor-element-752ea74 e-con-full e-flex e-con e-child\" data-id=\"752ea74\" data-element_type=\"container\" data-settings=\"{&quot;_ha_eqh_enable&quot;:false}\">\n\t\t\t\t<div class=\"elementor-element elementor-element-284ae94 elementor-widget elementor-widget-porto_button\" data-id=\"284ae94\" data-element_type=\"widget\" data-settings=\"{&quot;align&quot;:&quot;left&quot;}\" data-widget_type=\"porto_button.default\">\n\t\t\t\t<div class=\"elementor-widget-container\">\n\t\t\t<a aria-label=\"button\" class=\"btn btn-md btn-primary\" href=\"#elementor-action%3Aaction%3Dpopup%3Aopen%26settings%3DeyJpZCI6MzA4MSwidG9nZ2xlIjpmYWxzZX0%3D\"><span >Enquire<\/span><\/a>\t\t<\/div>\n\t\t\t\t<\/div>\n\t\t\t\t<\/div>\n\t\t<div class=\"elementor-element elementor-element-d63226b e-con-full e-flex e-con e-child\" data-id=\"d63226b\" data-element_type=\"container\" data-settings=\"{&quot;_ha_eqh_enable&quot;:false}\">\n\t\t\t\t<div class=\"elementor-element elementor-element-bccf8ed elementor-widget elementor-widget-porto_button\" data-id=\"bccf8ed\" data-element_type=\"widget\" data-widget_type=\"porto_button.default\">\n\t\t\t\t<div class=\"elementor-widget-container\">\n\t\t\t<a aria-label=\"button\" class=\"btn btn-md btn-primary\" href=\"tel:+370%20639%2092414\"><span >+370 639 92414<\/span><\/a>\t\t<\/div>\n\t\t\t\t<\/div>\n\t\t\t\t<\/div>\n\t\t\t\t\t<\/div>\n\t\t\t\t<\/div>\n\t\t\t\t<\/div>\n\t\t\n","protected":false},"featured_media":2429,"comment_status":"closed","ping_status":"closed","template":"","meta":[],"product_cat":[60],"product_tag":[],"class_list":{"0":"post-2428","1":"product","2":"type-product","3":"status-publish","4":"has-post-thumbnail","6":"product_cat-line-conditioners","8":"first","9":"instock","10":"shipping-taxable","11":"product-type-simple"},"yoast_head":"<!-- This site is optimized with the Yoast SEO plugin v22.3 - https:\/\/yoast.com\/wordpress\/plugins\/seo\/ -->\n<title>CR SERIES OF LINEAR AIR CONDITIONERS - TradeS<\/title>\n<meta name=\"robots\" content=\"index, follow, max-snippet:-1, max-image-preview:large, max-video-preview:-1\" \/>\n<link rel=\"canonical\" href=\"https:\/\/sttrades.com\/en\/product\/cr-series-of-linear-air-conditioners\/\" \/>\n<meta property=\"og:locale\" content=\"en_US\" \/>\n<meta property=\"og:type\" content=\"article\" \/>\n<meta property=\"og:title\" content=\"CR SERIES OF LINEAR AIR CONDITIONERS - TradeS\" \/>\n<meta property=\"og:description\" content=\"Features : Power range: 1 \u00f7 2000 kVA Topology: electronic with galvanic isolation Input voltage range: \u00b125%, extendable to -60% +40% Application : Extensive, many industries We are ready to advise you on technical issues and provide you with a detailed proposal just for you!\" \/>\n<meta property=\"og:url\" content=\"https:\/\/sttrades.com\/en\/product\/cr-series-of-linear-air-conditioners\/\" \/>\n<meta property=\"og:site_name\" content=\"TradeS\" \/>\n<meta property=\"og:image\" content=\"https:\/\/sttrades.com\/wp-content\/uploads\/2024\/03\/linijiniai-kondicionieriai-cr-serija_1.jpg\" \/>\n\t<meta property=\"og:image:width\" content=\"597\" \/>\n\t<meta property=\"og:image:height\" content=\"533\" \/>\n\t<meta property=\"og:image:type\" content=\"image\/jpeg\" \/>\n<meta name=\"twitter:card\" content=\"summary_large_image\" \/>\n<meta name=\"twitter:label1\" content=\"Est. reading time\" \/>\n\t<meta name=\"twitter:data1\" content=\"1 minute\" \/>\n<script type=\"application\/ld+json\" class=\"yoast-schema-graph\">{\"@context\":\"https:\/\/schema.org\",\"@graph\":[{\"@type\":\"WebPage\",\"@id\":\"https:\/\/sttrades.com\/en\/product\/cr-series-of-linear-air-conditioners\/\",\"url\":\"https:\/\/sttrades.com\/en\/product\/cr-series-of-linear-air-conditioners\/\",\"name\":\"CR SERIES OF LINEAR AIR CONDITIONERS - TradeS\",\"isPartOf\":{\"@id\":\"https:\/\/sttrades.com\/en\/#website\"},\"primaryImageOfPage\":{\"@id\":\"https:\/\/sttrades.com\/en\/product\/cr-series-of-linear-air-conditioners\/#primaryimage\"},\"image\":{\"@id\":\"https:\/\/sttrades.com\/en\/product\/cr-series-of-linear-air-conditioners\/#primaryimage\"},\"thumbnailUrl\":\"https:\/\/sttrades.com\/wp-content\/uploads\/2024\/03\/linijiniai-kondicionieriai-cr-serija_1.jpg\",\"datePublished\":\"2024-03-10T20:43:13+00:00\",\"dateModified\":\"2024-03-10T20:43:13+00:00\",\"breadcrumb\":{\"@id\":\"https:\/\/sttrades.com\/en\/product\/cr-series-of-linear-air-conditioners\/#breadcrumb\"},\"inLanguage\":\"en-US\",\"potentialAction\":[{\"@type\":\"ReadAction\",\"target\":[\"https:\/\/sttrades.com\/en\/product\/cr-series-of-linear-air-conditioners\/\"]}]},{\"@type\":\"ImageObject\",\"inLanguage\":\"en-US\",\"@id\":\"https:\/\/sttrades.com\/en\/product\/cr-series-of-linear-air-conditioners\/#primaryimage\",\"url\":\"https:\/\/sttrades.com\/wp-content\/uploads\/2024\/03\/linijiniai-kondicionieriai-cr-serija_1.jpg\",\"contentUrl\":\"https:\/\/sttrades.com\/wp-content\/uploads\/2024\/03\/linijiniai-kondicionieriai-cr-serija_1.jpg\",\"width\":597,\"height\":533},{\"@type\":\"BreadcrumbList\",\"@id\":\"https:\/\/sttrades.com\/en\/product\/cr-series-of-linear-air-conditioners\/#breadcrumb\",\"itemListElement\":[{\"@type\":\"ListItem\",\"position\":1,\"name\":\"Home\",\"item\":\"https:\/\/sttrades.com\/ru\/\"},{\"@type\":\"ListItem\",\"position\":2,\"name\":\"Products\",\"item\":\"https:\/\/sttrades.com\/en\/products\/\"},{\"@type\":\"ListItem\",\"position\":3,\"name\":\"CR SERIES OF LINEAR AIR CONDITIONERS\"}]},{\"@type\":\"WebSite\",\"@id\":\"https:\/\/sttrades.com\/en\/#website\",\"url\":\"https:\/\/sttrades.com\/en\/\",\"name\":\"\u0160iuolaikin\u0117 prekybin\u0117 \u012fmon\u0117\",\"description\":\"Alternatyvi energija | Akustin\u0117s sienos\",\"publisher\":{\"@id\":\"https:\/\/sttrades.com\/en\/#organization\"},\"potentialAction\":[{\"@type\":\"SearchAction\",\"target\":{\"@type\":\"EntryPoint\",\"urlTemplate\":\"https:\/\/sttrades.com\/en\/?s={search_term_string}\"},\"query-input\":\"required name=search_term_string\"}],\"inLanguage\":\"en-US\"},{\"@type\":\"Organization\",\"@id\":\"https:\/\/sttrades.com\/en\/#organization\",\"name\":\"TradeS\",\"url\":\"https:\/\/sttrades.com\/en\/\",\"logo\":{\"@type\":\"ImageObject\",\"inLanguage\":\"en-US\",\"@id\":\"https:\/\/sttrades.com\/en\/#\/schema\/logo\/image\/\",\"url\":\"https:\/\/sttrades.com\/wp-content\/uploads\/2024\/03\/sttrades-logo.webp\",\"contentUrl\":\"https:\/\/sttrades.com\/wp-content\/uploads\/2024\/03\/sttrades-logo.webp\",\"width\":639,\"height\":301,\"caption\":\"TradeS\"},\"image\":{\"@id\":\"https:\/\/sttrades.com\/en\/#\/schema\/logo\/image\/\"}}]}<\/script>\n<!-- \/ Yoast SEO plugin. -->","yoast_head_json":{"title":"CR SERIES OF LINEAR AIR CONDITIONERS - TradeS","robots":{"index":"index","follow":"follow","max-snippet":"max-snippet:-1","max-image-preview":"max-image-preview:large","max-video-preview":"max-video-preview:-1"},"canonical":"https:\/\/sttrades.com\/en\/product\/cr-series-of-linear-air-conditioners\/","og_locale":"en_US","og_type":"article","og_title":"CR SERIES OF LINEAR AIR CONDITIONERS - TradeS","og_description":"Features : Power range: 1 \u00f7 2000 kVA Topology: electronic with galvanic isolation Input voltage range: \u00b125%, extendable to -60% +40% Application : Extensive, many industries We are ready to advise you on technical issues and provide you with a detailed proposal just for you!","og_url":"https:\/\/sttrades.com\/en\/product\/cr-series-of-linear-air-conditioners\/","og_site_name":"TradeS","og_image":[{"width":597,"height":533,"url":"https:\/\/sttrades.com\/wp-content\/uploads\/2024\/03\/linijiniai-kondicionieriai-cr-serija_1.jpg","type":"image\/jpeg"}],"twitter_card":"summary_large_image","twitter_misc":{"Est. reading time":"1 minute"},"schema":{"@context":"https:\/\/schema.org","@graph":[{"@type":"WebPage","@id":"https:\/\/sttrades.com\/en\/product\/cr-series-of-linear-air-conditioners\/","url":"https:\/\/sttrades.com\/en\/product\/cr-series-of-linear-air-conditioners\/","name":"CR SERIES OF LINEAR AIR CONDITIONERS - TradeS","isPartOf":{"@id":"https:\/\/sttrades.com\/en\/#website"},"primaryImageOfPage":{"@id":"https:\/\/sttrades.com\/en\/product\/cr-series-of-linear-air-conditioners\/#primaryimage"},"image":{"@id":"https:\/\/sttrades.com\/en\/product\/cr-series-of-linear-air-conditioners\/#primaryimage"},"thumbnailUrl":"https:\/\/sttrades.com\/wp-content\/uploads\/2024\/03\/linijiniai-kondicionieriai-cr-serija_1.jpg","datePublished":"2024-03-10T20:43:13+00:00","dateModified":"2024-03-10T20:43:13+00:00","breadcrumb":{"@id":"https:\/\/sttrades.com\/en\/product\/cr-series-of-linear-air-conditioners\/#breadcrumb"},"inLanguage":"en-US","potentialAction":[{"@type":"ReadAction","target":["https:\/\/sttrades.com\/en\/product\/cr-series-of-linear-air-conditioners\/"]}]},{"@type":"ImageObject","inLanguage":"en-US","@id":"https:\/\/sttrades.com\/en\/product\/cr-series-of-linear-air-conditioners\/#primaryimage","url":"https:\/\/sttrades.com\/wp-content\/uploads\/2024\/03\/linijiniai-kondicionieriai-cr-serija_1.jpg","contentUrl":"https:\/\/sttrades.com\/wp-content\/uploads\/2024\/03\/linijiniai-kondicionieriai-cr-serija_1.jpg","width":597,"height":533},{"@type":"BreadcrumbList","@id":"https:\/\/sttrades.com\/en\/product\/cr-series-of-linear-air-conditioners\/#breadcrumb","itemListElement":[{"@type":"ListItem","position":1,"name":"Home","item":"https:\/\/sttrades.com\/ru\/"},{"@type":"ListItem","position":2,"name":"Products","item":"https:\/\/sttrades.com\/en\/products\/"},{"@type":"ListItem","position":3,"name":"CR SERIES OF LINEAR AIR CONDITIONERS"}]},{"@type":"WebSite","@id":"https:\/\/sttrades.com\/en\/#website","url":"https:\/\/sttrades.com\/en\/","name":"\u0160iuolaikin\u0117 prekybin\u0117 \u012fmon\u0117","description":"Alternatyvi energija | Akustin\u0117s sienos","publisher":{"@id":"https:\/\/sttrades.com\/en\/#organization"},"potentialAction":[{"@type":"SearchAction","target":{"@type":"EntryPoint","urlTemplate":"https:\/\/sttrades.com\/en\/?s={search_term_string}"},"query-input":"required name=search_term_string"}],"inLanguage":"en-US"},{"@type":"Organization","@id":"https:\/\/sttrades.com\/en\/#organization","name":"TradeS","url":"https:\/\/sttrades.com\/en\/","logo":{"@type":"ImageObject","inLanguage":"en-US","@id":"https:\/\/sttrades.com\/en\/#\/schema\/logo\/image\/","url":"https:\/\/sttrades.com\/wp-content\/uploads\/2024\/03\/sttrades-logo.webp","contentUrl":"https:\/\/sttrades.com\/wp-content\/uploads\/2024\/03\/sttrades-logo.webp","width":639,"height":301,"caption":"TradeS"},"image":{"@id":"https:\/\/sttrades.com\/en\/#\/schema\/logo\/image\/"}}]}},"_links":{"self":[{"href":"https:\/\/sttrades.com\/en\/wp-json\/wp\/v2\/product\/2428","targetHints":{"allow":["GET"]}}],"collection":[{"href":"https:\/\/sttrades.com\/en\/wp-json\/wp\/v2\/product"}],"about":[{"href":"https:\/\/sttrades.com\/en\/wp-json\/wp\/v2\/types\/product"}],"replies":[{"embeddable":true,"href":"https:\/\/sttrades.com\/en\/wp-json\/wp\/v2\/comments?post=2428"}],"wp:featuredmedia":[{"embeddable":true,"href":"https:\/\/sttrades.com\/en\/wp-json\/wp\/v2\/media\/2429"}],"wp:attachment":[{"href":"https:\/\/sttrades.com\/en\/wp-json\/wp\/v2\/media?parent=2428"}],"wp:term":[{"taxonomy":"product_cat","embeddable":true,"href":"https:\/\/sttrades.com\/en\/wp-json\/wp\/v2\/product_cat?post=2428"},{"taxonomy":"product_tag","embeddable":true,"href":"https:\/\/sttrades.com\/en\/wp-json\/wp\/v2\/product_tag?post=2428"}],"curies":[{"name":"wp","href":"https:\/\/api.w.org\/{rel}","templated":true}]}}