{"id":2444,"date":"2024-03-08T18:54:51","date_gmt":"2024-03-08T18:54:51","guid":{"rendered":"https:\/\/sttrades.com\/product\/for-industry-ups-erix-series\/"},"modified":"2024-03-08T18:54:51","modified_gmt":"2024-03-08T18:54:51","slug":"for-industry-ups-erix-series","status":"publish","type":"product","link":"https:\/\/sttrades.com\/en\/product\/for-industry-ups-erix-series\/","title":{"rendered":"FOR INDUSTRY UPS ERIX SERIES"},"content":{"rendered":"<p><strong>Characteristics :<\/strong><\/p>\n<ul>\n<li>Protection against mains disturbances<\/li>\n<li>Automatic overload protection<\/li>\n<li>Isolation transformer for input and output<\/li>\n<li>Line conditioner<\/li>\n<li>Improved planted energy time<\/li>\n<li>The battery can be charged when the UPS is switched off<\/li>\n<li>High reliability<\/li>\n<\/ul>\n<p><strong>Application :<\/strong><\/p>\n<ul>\n<li>Local area network (LAN)<\/li>\n<li>Data centres<\/li>\n<li>Shopping centres<\/li>\n<li>Telecommunications programmes<\/li>\n<li>Banks<\/li>\n<li>Electromedical equipment<\/li>\n<\/ul>\n<p><em>The ERIX line of interactive industrial UPS<\/em> guarantees stable output voltages and <em>highly reliable protection.<\/em><\/p>\n","protected":false},"excerpt":{"rendered":"<p><strong>Features :<\/strong><br \/>\nPower range: 1600 \u00f7 3000 VA<br \/>\nTopology: 1\/1 line interactive with transformer<br \/>\nBackup time: 40 min.<\/p>\n<p><strong>Application :<\/strong><br \/>\nLocal area network (LAN)<br \/>\nData centres<br \/>\nShopping centres<br \/>\nTelecommunications programmes<br \/>\nBanks<br \/>\nElectromedical equipment<\/p>\n<p><strong>We are ready to advise you on technical issues and provide you with a detailed proposal just for you!<\/strong><\/p>\n\t\t<div data-elementor-type=\"container\" data-elementor-id=\"3077\" class=\"elementor elementor-3077 elementor-2063\" data-elementor-post-type=\"elementor_library\">\n\t\t\t\t<div class=\"elementor-element elementor-element-faff34d e-flex e-con-boxed e-con e-parent\" data-id=\"faff34d\" data-element_type=\"container\" data-settings=\"{&quot;_ha_eqh_enable&quot;:false}\" data-core-v316-plus=\"true\">\n\t\t\t\t\t<div class=\"e-con-inner\">\n\t\t<div class=\"elementor-element elementor-element-752ea74 e-con-full e-flex e-con e-child\" data-id=\"752ea74\" data-element_type=\"container\" data-settings=\"{&quot;_ha_eqh_enable&quot;:false}\">\n\t\t\t\t<div class=\"elementor-element elementor-element-284ae94 elementor-widget elementor-widget-porto_button\" data-id=\"284ae94\" data-element_type=\"widget\" data-settings=\"{&quot;align&quot;:&quot;left&quot;}\" data-widget_type=\"porto_button.default\">\n\t\t\t\t<div class=\"elementor-widget-container\">\n\t\t\t<a aria-label=\"button\" class=\"btn btn-md btn-primary\" href=\"#elementor-action%3Aaction%3Dpopup%3Aopen%26settings%3DeyJpZCI6MzA4MSwidG9nZ2xlIjpmYWxzZX0%3D\"><span >Enquire<\/span><\/a>\t\t<\/div>\n\t\t\t\t<\/div>\n\t\t\t\t<\/div>\n\t\t<div class=\"elementor-element elementor-element-d63226b e-con-full e-flex e-con e-child\" data-id=\"d63226b\" data-element_type=\"container\" data-settings=\"{&quot;_ha_eqh_enable&quot;:false}\">\n\t\t\t\t<div class=\"elementor-element elementor-element-bccf8ed elementor-widget elementor-widget-porto_button\" data-id=\"bccf8ed\" data-element_type=\"widget\" data-widget_type=\"porto_button.default\">\n\t\t\t\t<div class=\"elementor-widget-container\">\n\t\t\t<a aria-label=\"button\" class=\"btn btn-md btn-primary\" href=\"tel:+370%20639%2092414\"><span >+370 639 92414<\/span><\/a>\t\t<\/div>\n\t\t\t\t<\/div>\n\t\t\t\t<\/div>\n\t\t\t\t\t<\/div>\n\t\t\t\t<\/div>\n\t\t\t\t<\/div>\n\t\t\n","protected":false},"featured_media":2445,"comment_status":"closed","ping_status":"closed","template":"","meta":[],"product_cat":[61],"product_tag":[],"class_list":{"0":"post-2444","1":"product","2":"type-product","3":"status-publish","4":"has-post-thumbnail","6":"product_cat-industrial-ups","8":"first","9":"instock","10":"shipping-taxable","11":"product-type-simple"},"yoast_head":"<!-- This site is optimized with the Yoast SEO plugin v22.3 - https:\/\/yoast.com\/wordpress\/plugins\/seo\/ -->\n<title>FOR INDUSTRY UPS ERIX SERIES - TradeS<\/title>\n<meta name=\"robots\" content=\"index, follow, max-snippet:-1, max-image-preview:large, max-video-preview:-1\" \/>\n<link rel=\"canonical\" href=\"https:\/\/sttrades.com\/en\/product\/for-industry-ups-erix-series\/\" \/>\n<meta property=\"og:locale\" content=\"en_US\" \/>\n<meta property=\"og:type\" content=\"article\" \/>\n<meta property=\"og:title\" content=\"FOR INDUSTRY UPS ERIX SERIES - TradeS\" \/>\n<meta property=\"og:description\" content=\"Features : Power range: 1600 \u00f7 3000 VA Topology: 1\/1 line interactive with transformer Backup time: 40 min. Application : Local area network (LAN) Data centres Shopping centres Telecommunications programmes Banks Electromedical equipment We are ready to advise you on technical issues and provide you with a detailed proposal just for you!\" \/>\n<meta property=\"og:url\" content=\"https:\/\/sttrades.com\/en\/product\/for-industry-ups-erix-series\/\" \/>\n<meta property=\"og:site_name\" content=\"TradeS\" \/>\n<meta property=\"og:image\" content=\"https:\/\/sttrades.com\/wp-content\/uploads\/2024\/03\/pramoniniai-ups-erix-serija_1.jpg\" \/>\n\t<meta property=\"og:image:width\" content=\"597\" \/>\n\t<meta property=\"og:image:height\" content=\"533\" \/>\n\t<meta property=\"og:image:type\" content=\"image\/jpeg\" \/>\n<meta name=\"twitter:card\" content=\"summary_large_image\" \/>\n<script type=\"application\/ld+json\" class=\"yoast-schema-graph\">{\"@context\":\"https:\/\/schema.org\",\"@graph\":[{\"@type\":\"WebPage\",\"@id\":\"https:\/\/sttrades.com\/en\/product\/for-industry-ups-erix-series\/\",\"url\":\"https:\/\/sttrades.com\/en\/product\/for-industry-ups-erix-series\/\",\"name\":\"FOR INDUSTRY UPS ERIX SERIES - TradeS\",\"isPartOf\":{\"@id\":\"https:\/\/sttrades.com\/en\/#website\"},\"primaryImageOfPage\":{\"@id\":\"https:\/\/sttrades.com\/en\/product\/for-industry-ups-erix-series\/#primaryimage\"},\"image\":{\"@id\":\"https:\/\/sttrades.com\/en\/product\/for-industry-ups-erix-series\/#primaryimage\"},\"thumbnailUrl\":\"https:\/\/sttrades.com\/wp-content\/uploads\/2024\/03\/pramoniniai-ups-erix-serija_1.jpg\",\"datePublished\":\"2024-03-08T18:54:51+00:00\",\"dateModified\":\"2024-03-08T18:54:51+00:00\",\"breadcrumb\":{\"@id\":\"https:\/\/sttrades.com\/en\/product\/for-industry-ups-erix-series\/#breadcrumb\"},\"inLanguage\":\"en-US\",\"potentialAction\":[{\"@type\":\"ReadAction\",\"target\":[\"https:\/\/sttrades.com\/en\/product\/for-industry-ups-erix-series\/\"]}]},{\"@type\":\"ImageObject\",\"inLanguage\":\"en-US\",\"@id\":\"https:\/\/sttrades.com\/en\/product\/for-industry-ups-erix-series\/#primaryimage\",\"url\":\"https:\/\/sttrades.com\/wp-content\/uploads\/2024\/03\/pramoniniai-ups-erix-serija_1.jpg\",\"contentUrl\":\"https:\/\/sttrades.com\/wp-content\/uploads\/2024\/03\/pramoniniai-ups-erix-serija_1.jpg\",\"width\":597,\"height\":533},{\"@type\":\"BreadcrumbList\",\"@id\":\"https:\/\/sttrades.com\/en\/product\/for-industry-ups-erix-series\/#breadcrumb\",\"itemListElement\":[{\"@type\":\"ListItem\",\"position\":1,\"name\":\"Home\",\"item\":\"https:\/\/sttrades.com\/ru\/\"},{\"@type\":\"ListItem\",\"position\":2,\"name\":\"Products\",\"item\":\"https:\/\/sttrades.com\/en\/products\/\"},{\"@type\":\"ListItem\",\"position\":3,\"name\":\"FOR INDUSTRY UPS ERIX SERIES\"}]},{\"@type\":\"WebSite\",\"@id\":\"https:\/\/sttrades.com\/en\/#website\",\"url\":\"https:\/\/sttrades.com\/en\/\",\"name\":\"\u0160iuolaikin\u0117 prekybin\u0117 \u012fmon\u0117\",\"description\":\"Alternatyvi energija | Akustin\u0117s sienos\",\"publisher\":{\"@id\":\"https:\/\/sttrades.com\/en\/#organization\"},\"potentialAction\":[{\"@type\":\"SearchAction\",\"target\":{\"@type\":\"EntryPoint\",\"urlTemplate\":\"https:\/\/sttrades.com\/en\/?s={search_term_string}\"},\"query-input\":\"required name=search_term_string\"}],\"inLanguage\":\"en-US\"},{\"@type\":\"Organization\",\"@id\":\"https:\/\/sttrades.com\/en\/#organization\",\"name\":\"TradeS\",\"url\":\"https:\/\/sttrades.com\/en\/\",\"logo\":{\"@type\":\"ImageObject\",\"inLanguage\":\"en-US\",\"@id\":\"https:\/\/sttrades.com\/en\/#\/schema\/logo\/image\/\",\"url\":\"https:\/\/sttrades.com\/wp-content\/uploads\/2024\/03\/sttrades-logo.webp\",\"contentUrl\":\"https:\/\/sttrades.com\/wp-content\/uploads\/2024\/03\/sttrades-logo.webp\",\"width\":639,\"height\":301,\"caption\":\"TradeS\"},\"image\":{\"@id\":\"https:\/\/sttrades.com\/en\/#\/schema\/logo\/image\/\"}}]}<\/script>\n<!-- \/ Yoast SEO plugin. -->","yoast_head_json":{"title":"FOR INDUSTRY UPS ERIX SERIES - TradeS","robots":{"index":"index","follow":"follow","max-snippet":"max-snippet:-1","max-image-preview":"max-image-preview:large","max-video-preview":"max-video-preview:-1"},"canonical":"https:\/\/sttrades.com\/en\/product\/for-industry-ups-erix-series\/","og_locale":"en_US","og_type":"article","og_title":"FOR INDUSTRY UPS ERIX SERIES - TradeS","og_description":"Features : Power range: 1600 \u00f7 3000 VA Topology: 1\/1 line interactive with transformer Backup time: 40 min. Application : Local area network (LAN) Data centres Shopping centres Telecommunications programmes Banks Electromedical equipment We are ready to advise you on technical issues and provide you with a detailed proposal just for you!","og_url":"https:\/\/sttrades.com\/en\/product\/for-industry-ups-erix-series\/","og_site_name":"TradeS","og_image":[{"width":597,"height":533,"url":"https:\/\/sttrades.com\/wp-content\/uploads\/2024\/03\/pramoniniai-ups-erix-serija_1.jpg","type":"image\/jpeg"}],"twitter_card":"summary_large_image","schema":{"@context":"https:\/\/schema.org","@graph":[{"@type":"WebPage","@id":"https:\/\/sttrades.com\/en\/product\/for-industry-ups-erix-series\/","url":"https:\/\/sttrades.com\/en\/product\/for-industry-ups-erix-series\/","name":"FOR INDUSTRY UPS ERIX SERIES - TradeS","isPartOf":{"@id":"https:\/\/sttrades.com\/en\/#website"},"primaryImageOfPage":{"@id":"https:\/\/sttrades.com\/en\/product\/for-industry-ups-erix-series\/#primaryimage"},"image":{"@id":"https:\/\/sttrades.com\/en\/product\/for-industry-ups-erix-series\/#primaryimage"},"thumbnailUrl":"https:\/\/sttrades.com\/wp-content\/uploads\/2024\/03\/pramoniniai-ups-erix-serija_1.jpg","datePublished":"2024-03-08T18:54:51+00:00","dateModified":"2024-03-08T18:54:51+00:00","breadcrumb":{"@id":"https:\/\/sttrades.com\/en\/product\/for-industry-ups-erix-series\/#breadcrumb"},"inLanguage":"en-US","potentialAction":[{"@type":"ReadAction","target":["https:\/\/sttrades.com\/en\/product\/for-industry-ups-erix-series\/"]}]},{"@type":"ImageObject","inLanguage":"en-US","@id":"https:\/\/sttrades.com\/en\/product\/for-industry-ups-erix-series\/#primaryimage","url":"https:\/\/sttrades.com\/wp-content\/uploads\/2024\/03\/pramoniniai-ups-erix-serija_1.jpg","contentUrl":"https:\/\/sttrades.com\/wp-content\/uploads\/2024\/03\/pramoniniai-ups-erix-serija_1.jpg","width":597,"height":533},{"@type":"BreadcrumbList","@id":"https:\/\/sttrades.com\/en\/product\/for-industry-ups-erix-series\/#breadcrumb","itemListElement":[{"@type":"ListItem","position":1,"name":"Home","item":"https:\/\/sttrades.com\/ru\/"},{"@type":"ListItem","position":2,"name":"Products","item":"https:\/\/sttrades.com\/en\/products\/"},{"@type":"ListItem","position":3,"name":"FOR INDUSTRY UPS ERIX SERIES"}]},{"@type":"WebSite","@id":"https:\/\/sttrades.com\/en\/#website","url":"https:\/\/sttrades.com\/en\/","name":"\u0160iuolaikin\u0117 prekybin\u0117 \u012fmon\u0117","description":"Alternatyvi energija | Akustin\u0117s sienos","publisher":{"@id":"https:\/\/sttrades.com\/en\/#organization"},"potentialAction":[{"@type":"SearchAction","target":{"@type":"EntryPoint","urlTemplate":"https:\/\/sttrades.com\/en\/?s={search_term_string}"},"query-input":"required name=search_term_string"}],"inLanguage":"en-US"},{"@type":"Organization","@id":"https:\/\/sttrades.com\/en\/#organization","name":"TradeS","url":"https:\/\/sttrades.com\/en\/","logo":{"@type":"ImageObject","inLanguage":"en-US","@id":"https:\/\/sttrades.com\/en\/#\/schema\/logo\/image\/","url":"https:\/\/sttrades.com\/wp-content\/uploads\/2024\/03\/sttrades-logo.webp","contentUrl":"https:\/\/sttrades.com\/wp-content\/uploads\/2024\/03\/sttrades-logo.webp","width":639,"height":301,"caption":"TradeS"},"image":{"@id":"https:\/\/sttrades.com\/en\/#\/schema\/logo\/image\/"}}]}},"_links":{"self":[{"href":"https:\/\/sttrades.com\/en\/wp-json\/wp\/v2\/product\/2444","targetHints":{"allow":["GET"]}}],"collection":[{"href":"https:\/\/sttrades.com\/en\/wp-json\/wp\/v2\/product"}],"about":[{"href":"https:\/\/sttrades.com\/en\/wp-json\/wp\/v2\/types\/product"}],"replies":[{"embeddable":true,"href":"https:\/\/sttrades.com\/en\/wp-json\/wp\/v2\/comments?post=2444"}],"wp:featuredmedia":[{"embeddable":true,"href":"https:\/\/sttrades.com\/en\/wp-json\/wp\/v2\/media\/2445"}],"wp:attachment":[{"href":"https:\/\/sttrades.com\/en\/wp-json\/wp\/v2\/media?parent=2444"}],"wp:term":[{"taxonomy":"product_cat","embeddable":true,"href":"https:\/\/sttrades.com\/en\/wp-json\/wp\/v2\/product_cat?post=2444"},{"taxonomy":"product_tag","embeddable":true,"href":"https:\/\/sttrades.com\/en\/wp-json\/wp\/v2\/product_tag?post=2444"}],"curies":[{"name":"wp","href":"https:\/\/api.w.org\/{rel}","templated":true}]}}