{"id":2456,"date":"2024-03-08T18:36:22","date_gmt":"2024-03-08T18:36:22","guid":{"rendered":"https:\/\/sttrades.com\/product\/solar-inverters-windsun-series\/"},"modified":"2024-03-08T18:36:22","modified_gmt":"2024-03-08T18:36:22","slug":"solar-inverters-windsun-series","status":"publish","type":"product","link":"https:\/\/sttrades.com\/en\/product\/solar-inverters-windsun-series\/","title":{"rendered":"SOLAR INVERTERS WINDSUN SERIES"},"content":{"rendered":"<p><strong>Characteristics :<\/strong><\/p>\n<ul>\n<li>High reliability<\/li>\n<li>Low frequency isolation transformer for all ranges from 2 to 250 kW<\/li>\n<li>Power factor &gt; 0.99 for each operating condition (value confirmed by UL laboratory)<\/li>\n<li>Tik nedidelis harmonini\u0173 i\u0161kraipym\u0173 kiekis tinkle (THD &lt; 2% pagal IEEE 929 standart\u0105)<\/li>\n<li>Compatibility with every thin film module without any external earthing kit<\/li>\n<li>Wide MPPT input voltage range, even modifiable on request<\/li>\n<li>IGBT technology with high round-trip frequency<\/li>\n<li>The input voltage of the fuel cells varies widely on request<\/li>\n<\/ul>\n<p>WINDSUN solar inverters are the latest generation of grid-connected inverters powered by solar modules or fuel cells.<\/p>\n<p>Thanks to the MPP&#8217;s wide operating voltage range, it starts supplying energy from the first light of dawn until late sunset, guaranteeing higher energy production for your PV plant.<\/p>\n<p>The concept of the Windsun solar inverter series is based on Layer&#8217;s extensive experience in power electronics, dating back more than 50 years.<\/p>\n<p>This includes the design and manufacture of inverters and converters in the US, including bespoke versions.<\/p>\n<p>The philosophy with which we understand all our products is based on ensuring absolute reliability for the customer &#8211; reliability guaranteed by high technology and the quality of the components used. With WINDSUN solar inverters, this consists of modular IGBTs, long-life low ESR electrolytic capacitors (1-Ph models) and film capacitors (3-Ph models).<\/p>\n<p>Solar inverters with a transformer avoid the PID (potential induced degradation) phenomenon, which consists of leakage currents even below 20-30% of the solar power plant&#8217;s performance.<\/p>\n<p><em>WINDSUN solar<\/em> inverters are the <em>latest generation<\/em> of grid-connected <em>inverters<\/em> powered by <em>solar module<\/em>s or fuel <em>cells.<\/em><\/p>\n<p>Thanks to the MPP&#8217;s wide operating voltage range, it starts supplying energy from the first light of dawn until late sunset, guaranteeing higher energy <em>production<\/em> for your PV plant.<\/p>\n<p>The concept of the Windsun solar <em>inverter<\/em> series is based on Layer&#8217;s extensive experience in power electronics, dating back more than 50 years.<\/p>\n<p>This includes the design and manufacture of inverters and converters in the US, including bespoke versions.<\/p>\n<p>The philosophy with which we understand all our products is based on ensuring <em>absolute reliability<\/em> for the customer &#8211; reliability guaranteed by <em>high technology<\/em> <em>and<\/em> the quality of the components used. With WINDSUN solar inverters, this consists of modular IGBTs, long-life low ESR electrolytic capacitors (1-Ph models) and film capacitors (3-Ph models).<\/p>\n<p>Solar inverters with a transformer avoid the <em>PID<\/em> (potential induced degradation) phenomenon, which consists of leakage currents even below <em>20-30%<\/em> of the solar power plant&#8217;s performance.<\/p>\n","protected":false},"excerpt":{"rendered":"<p><strong>Features:<\/strong><br \/>\nPower range: 2 \u00f7 250 kW<br \/>\nTopology: transformer based<br \/>\nThe input voltage of energy cells varies widely<\/p>\n<p><strong>Application :<\/strong><br \/>\nHome or industrial photovoltaic plants<br \/>\nEnergy cells<\/p>\n\t\t<div data-elementor-type=\"container\" data-elementor-id=\"3077\" class=\"elementor elementor-3077 elementor-2063\" data-elementor-post-type=\"elementor_library\">\n\t\t\t\t<div class=\"elementor-element elementor-element-faff34d e-flex e-con-boxed e-con e-parent\" data-id=\"faff34d\" data-element_type=\"container\" data-settings=\"{&quot;_ha_eqh_enable&quot;:false}\" data-core-v316-plus=\"true\">\n\t\t\t\t\t<div class=\"e-con-inner\">\n\t\t<div class=\"elementor-element elementor-element-752ea74 e-con-full e-flex e-con e-child\" data-id=\"752ea74\" data-element_type=\"container\" data-settings=\"{&quot;_ha_eqh_enable&quot;:false}\">\n\t\t\t\t<div class=\"elementor-element elementor-element-284ae94 elementor-widget elementor-widget-porto_button\" data-id=\"284ae94\" data-element_type=\"widget\" data-settings=\"{&quot;align&quot;:&quot;left&quot;}\" data-widget_type=\"porto_button.default\">\n\t\t\t\t<div class=\"elementor-widget-container\">\n\t\t\t<a aria-label=\"button\" class=\"btn btn-md btn-primary\" href=\"#elementor-action%3Aaction%3Dpopup%3Aopen%26settings%3DeyJpZCI6MzA4MSwidG9nZ2xlIjpmYWxzZX0%3D\"><span >Enquire<\/span><\/a>\t\t<\/div>\n\t\t\t\t<\/div>\n\t\t\t\t<\/div>\n\t\t<div class=\"elementor-element elementor-element-d63226b e-con-full e-flex e-con e-child\" data-id=\"d63226b\" data-element_type=\"container\" data-settings=\"{&quot;_ha_eqh_enable&quot;:false}\">\n\t\t\t\t<div class=\"elementor-element elementor-element-bccf8ed elementor-widget elementor-widget-porto_button\" data-id=\"bccf8ed\" data-element_type=\"widget\" data-widget_type=\"porto_button.default\">\n\t\t\t\t<div class=\"elementor-widget-container\">\n\t\t\t<a aria-label=\"button\" class=\"btn btn-md btn-primary\" href=\"tel:+370%20639%2092414\"><span >+370 639 92414<\/span><\/a>\t\t<\/div>\n\t\t\t\t<\/div>\n\t\t\t\t<\/div>\n\t\t\t\t\t<\/div>\n\t\t\t\t<\/div>\n\t\t\t\t<\/div>\n\t\t\n","protected":false},"featured_media":2457,"comment_status":"closed","ping_status":"closed","template":"","meta":[],"product_cat":[62],"product_tag":[],"class_list":{"0":"post-2456","1":"product","2":"type-product","3":"status-publish","4":"has-post-thumbnail","6":"product_cat-solar-energy","8":"first","9":"instock","10":"shipping-taxable","11":"product-type-simple"},"yoast_head":"<!-- This site is optimized with the Yoast SEO plugin v22.3 - https:\/\/yoast.com\/wordpress\/plugins\/seo\/ -->\n<title>SOLAR INVERTERS WINDSUN SERIES - TradeS<\/title>\n<meta name=\"robots\" content=\"index, follow, max-snippet:-1, max-image-preview:large, max-video-preview:-1\" \/>\n<link rel=\"canonical\" href=\"https:\/\/sttrades.com\/en\/product\/solar-inverters-windsun-series\/\" \/>\n<meta property=\"og:locale\" content=\"en_US\" \/>\n<meta property=\"og:type\" content=\"article\" \/>\n<meta property=\"og:title\" content=\"SOLAR INVERTERS WINDSUN SERIES - TradeS\" \/>\n<meta property=\"og:description\" content=\"Features: Power range: 2 \u00f7 250 kW Topology: transformer based The input voltage of energy cells varies widely Application : Home or industrial photovoltaic plants Energy cells\" \/>\n<meta property=\"og:url\" content=\"https:\/\/sttrades.com\/en\/product\/solar-inverters-windsun-series\/\" \/>\n<meta property=\"og:site_name\" content=\"TradeS\" \/>\n<meta property=\"og:image\" content=\"https:\/\/sttrades.com\/wp-content\/uploads\/2024\/03\/saules-inverteriai-windsun-serija_1.jpg\" \/>\n\t<meta property=\"og:image:width\" content=\"597\" \/>\n\t<meta property=\"og:image:height\" content=\"533\" \/>\n\t<meta property=\"og:image:type\" content=\"image\/jpeg\" \/>\n<meta name=\"twitter:card\" content=\"summary_large_image\" \/>\n<meta name=\"twitter:label1\" content=\"Est. reading time\" \/>\n\t<meta name=\"twitter:data1\" content=\"2 minutes\" \/>\n<script type=\"application\/ld+json\" class=\"yoast-schema-graph\">{\"@context\":\"https:\/\/schema.org\",\"@graph\":[{\"@type\":\"WebPage\",\"@id\":\"https:\/\/sttrades.com\/en\/product\/solar-inverters-windsun-series\/\",\"url\":\"https:\/\/sttrades.com\/en\/product\/solar-inverters-windsun-series\/\",\"name\":\"SOLAR INVERTERS WINDSUN SERIES - TradeS\",\"isPartOf\":{\"@id\":\"https:\/\/sttrades.com\/en\/#website\"},\"primaryImageOfPage\":{\"@id\":\"https:\/\/sttrades.com\/en\/product\/solar-inverters-windsun-series\/#primaryimage\"},\"image\":{\"@id\":\"https:\/\/sttrades.com\/en\/product\/solar-inverters-windsun-series\/#primaryimage\"},\"thumbnailUrl\":\"https:\/\/sttrades.com\/wp-content\/uploads\/2024\/03\/saules-inverteriai-windsun-serija_1.jpg\",\"datePublished\":\"2024-03-08T18:36:22+00:00\",\"dateModified\":\"2024-03-08T18:36:22+00:00\",\"breadcrumb\":{\"@id\":\"https:\/\/sttrades.com\/en\/product\/solar-inverters-windsun-series\/#breadcrumb\"},\"inLanguage\":\"en-US\",\"potentialAction\":[{\"@type\":\"ReadAction\",\"target\":[\"https:\/\/sttrades.com\/en\/product\/solar-inverters-windsun-series\/\"]}]},{\"@type\":\"ImageObject\",\"inLanguage\":\"en-US\",\"@id\":\"https:\/\/sttrades.com\/en\/product\/solar-inverters-windsun-series\/#primaryimage\",\"url\":\"https:\/\/sttrades.com\/wp-content\/uploads\/2024\/03\/saules-inverteriai-windsun-serija_1.jpg\",\"contentUrl\":\"https:\/\/sttrades.com\/wp-content\/uploads\/2024\/03\/saules-inverteriai-windsun-serija_1.jpg\",\"width\":597,\"height\":533},{\"@type\":\"BreadcrumbList\",\"@id\":\"https:\/\/sttrades.com\/en\/product\/solar-inverters-windsun-series\/#breadcrumb\",\"itemListElement\":[{\"@type\":\"ListItem\",\"position\":1,\"name\":\"Home\",\"item\":\"https:\/\/sttrades.com\/ru\/\"},{\"@type\":\"ListItem\",\"position\":2,\"name\":\"Products\",\"item\":\"https:\/\/sttrades.com\/en\/products\/\"},{\"@type\":\"ListItem\",\"position\":3,\"name\":\"SOLAR INVERTERS WINDSUN SERIES\"}]},{\"@type\":\"WebSite\",\"@id\":\"https:\/\/sttrades.com\/en\/#website\",\"url\":\"https:\/\/sttrades.com\/en\/\",\"name\":\"\u0160iuolaikin\u0117 prekybin\u0117 \u012fmon\u0117\",\"description\":\"Alternatyvi energija | Akustin\u0117s sienos\",\"publisher\":{\"@id\":\"https:\/\/sttrades.com\/en\/#organization\"},\"potentialAction\":[{\"@type\":\"SearchAction\",\"target\":{\"@type\":\"EntryPoint\",\"urlTemplate\":\"https:\/\/sttrades.com\/en\/?s={search_term_string}\"},\"query-input\":\"required name=search_term_string\"}],\"inLanguage\":\"en-US\"},{\"@type\":\"Organization\",\"@id\":\"https:\/\/sttrades.com\/en\/#organization\",\"name\":\"TradeS\",\"url\":\"https:\/\/sttrades.com\/en\/\",\"logo\":{\"@type\":\"ImageObject\",\"inLanguage\":\"en-US\",\"@id\":\"https:\/\/sttrades.com\/en\/#\/schema\/logo\/image\/\",\"url\":\"https:\/\/sttrades.com\/wp-content\/uploads\/2024\/03\/sttrades-logo.webp\",\"contentUrl\":\"https:\/\/sttrades.com\/wp-content\/uploads\/2024\/03\/sttrades-logo.webp\",\"width\":639,\"height\":301,\"caption\":\"TradeS\"},\"image\":{\"@id\":\"https:\/\/sttrades.com\/en\/#\/schema\/logo\/image\/\"}}]}<\/script>\n<!-- \/ Yoast SEO plugin. -->","yoast_head_json":{"title":"SOLAR INVERTERS WINDSUN SERIES - TradeS","robots":{"index":"index","follow":"follow","max-snippet":"max-snippet:-1","max-image-preview":"max-image-preview:large","max-video-preview":"max-video-preview:-1"},"canonical":"https:\/\/sttrades.com\/en\/product\/solar-inverters-windsun-series\/","og_locale":"en_US","og_type":"article","og_title":"SOLAR INVERTERS WINDSUN SERIES - TradeS","og_description":"Features: Power range: 2 \u00f7 250 kW Topology: transformer based The input voltage of energy cells varies widely Application : Home or industrial photovoltaic plants Energy cells","og_url":"https:\/\/sttrades.com\/en\/product\/solar-inverters-windsun-series\/","og_site_name":"TradeS","og_image":[{"width":597,"height":533,"url":"https:\/\/sttrades.com\/wp-content\/uploads\/2024\/03\/saules-inverteriai-windsun-serija_1.jpg","type":"image\/jpeg"}],"twitter_card":"summary_large_image","twitter_misc":{"Est. reading time":"2 minutes"},"schema":{"@context":"https:\/\/schema.org","@graph":[{"@type":"WebPage","@id":"https:\/\/sttrades.com\/en\/product\/solar-inverters-windsun-series\/","url":"https:\/\/sttrades.com\/en\/product\/solar-inverters-windsun-series\/","name":"SOLAR INVERTERS WINDSUN SERIES - TradeS","isPartOf":{"@id":"https:\/\/sttrades.com\/en\/#website"},"primaryImageOfPage":{"@id":"https:\/\/sttrades.com\/en\/product\/solar-inverters-windsun-series\/#primaryimage"},"image":{"@id":"https:\/\/sttrades.com\/en\/product\/solar-inverters-windsun-series\/#primaryimage"},"thumbnailUrl":"https:\/\/sttrades.com\/wp-content\/uploads\/2024\/03\/saules-inverteriai-windsun-serija_1.jpg","datePublished":"2024-03-08T18:36:22+00:00","dateModified":"2024-03-08T18:36:22+00:00","breadcrumb":{"@id":"https:\/\/sttrades.com\/en\/product\/solar-inverters-windsun-series\/#breadcrumb"},"inLanguage":"en-US","potentialAction":[{"@type":"ReadAction","target":["https:\/\/sttrades.com\/en\/product\/solar-inverters-windsun-series\/"]}]},{"@type":"ImageObject","inLanguage":"en-US","@id":"https:\/\/sttrades.com\/en\/product\/solar-inverters-windsun-series\/#primaryimage","url":"https:\/\/sttrades.com\/wp-content\/uploads\/2024\/03\/saules-inverteriai-windsun-serija_1.jpg","contentUrl":"https:\/\/sttrades.com\/wp-content\/uploads\/2024\/03\/saules-inverteriai-windsun-serija_1.jpg","width":597,"height":533},{"@type":"BreadcrumbList","@id":"https:\/\/sttrades.com\/en\/product\/solar-inverters-windsun-series\/#breadcrumb","itemListElement":[{"@type":"ListItem","position":1,"name":"Home","item":"https:\/\/sttrades.com\/ru\/"},{"@type":"ListItem","position":2,"name":"Products","item":"https:\/\/sttrades.com\/en\/products\/"},{"@type":"ListItem","position":3,"name":"SOLAR INVERTERS WINDSUN SERIES"}]},{"@type":"WebSite","@id":"https:\/\/sttrades.com\/en\/#website","url":"https:\/\/sttrades.com\/en\/","name":"\u0160iuolaikin\u0117 prekybin\u0117 \u012fmon\u0117","description":"Alternatyvi energija | Akustin\u0117s sienos","publisher":{"@id":"https:\/\/sttrades.com\/en\/#organization"},"potentialAction":[{"@type":"SearchAction","target":{"@type":"EntryPoint","urlTemplate":"https:\/\/sttrades.com\/en\/?s={search_term_string}"},"query-input":"required name=search_term_string"}],"inLanguage":"en-US"},{"@type":"Organization","@id":"https:\/\/sttrades.com\/en\/#organization","name":"TradeS","url":"https:\/\/sttrades.com\/en\/","logo":{"@type":"ImageObject","inLanguage":"en-US","@id":"https:\/\/sttrades.com\/en\/#\/schema\/logo\/image\/","url":"https:\/\/sttrades.com\/wp-content\/uploads\/2024\/03\/sttrades-logo.webp","contentUrl":"https:\/\/sttrades.com\/wp-content\/uploads\/2024\/03\/sttrades-logo.webp","width":639,"height":301,"caption":"TradeS"},"image":{"@id":"https:\/\/sttrades.com\/en\/#\/schema\/logo\/image\/"}}]}},"_links":{"self":[{"href":"https:\/\/sttrades.com\/en\/wp-json\/wp\/v2\/product\/2456","targetHints":{"allow":["GET"]}}],"collection":[{"href":"https:\/\/sttrades.com\/en\/wp-json\/wp\/v2\/product"}],"about":[{"href":"https:\/\/sttrades.com\/en\/wp-json\/wp\/v2\/types\/product"}],"replies":[{"embeddable":true,"href":"https:\/\/sttrades.com\/en\/wp-json\/wp\/v2\/comments?post=2456"}],"wp:featuredmedia":[{"embeddable":true,"href":"https:\/\/sttrades.com\/en\/wp-json\/wp\/v2\/media\/2457"}],"wp:attachment":[{"href":"https:\/\/sttrades.com\/en\/wp-json\/wp\/v2\/media?parent=2456"}],"wp:term":[{"taxonomy":"product_cat","embeddable":true,"href":"https:\/\/sttrades.com\/en\/wp-json\/wp\/v2\/product_cat?post=2456"},{"taxonomy":"product_tag","embeddable":true,"href":"https:\/\/sttrades.com\/en\/wp-json\/wp\/v2\/product_tag?post=2456"}],"curies":[{"name":"wp","href":"https:\/\/api.w.org\/{rel}","templated":true}]}}