{"id":2480,"date":"2024-03-10T21:13:37","date_gmt":"2024-03-10T21:13:37","guid":{"rendered":"https:\/\/sttrades.com\/product\/%d0%bc%d0%b5%d0%b4%d0%b8%d1%86%d0%b8%d0%bd%d1%81%d0%ba%d0%b0%d1%8f-%d1%81%d0%b5%d1%80%d0%b8%d1%8f-%d0%b8%d0%b7%d0%be%d0%bb%d1%8c%d1%82%d0%b5%d1%81%d1%82\/"},"modified":"2024-03-10T21:13:37","modified_gmt":"2024-03-10T21:13:37","slug":"%d0%bc%d0%b5%d0%b4%d0%b8%d1%86%d0%b8%d0%bd%d1%81%d0%ba%d0%b0%d1%8f-%d1%81%d0%b5%d1%80%d0%b8%d1%8f-%d0%b8%d0%b7%d0%be%d0%bb%d1%8c%d1%82%d0%b5%d1%81%d1%82","status":"publish","type":"product","link":"https:\/\/sttrades.com\/ru\/product\/%d0%bc%d0%b5%d0%b4%d0%b8%d1%86%d0%b8%d0%bd%d1%81%d0%ba%d0%b0%d1%8f-%d1%81%d0%b5%d1%80%d0%b8%d1%8f-%d0%b8%d0%b7%d0%be%d0%bb%d1%8c%d1%82%d0%b5%d1%81%d1%82\/","title":{"rendered":"\u041c\u0415\u0414\u0418\u0426\u0418\u041d\u0421\u041a\u0410\u042f \u0421\u0415\u0420\u0418\u042f \u0418\u0417\u041e\u041b\u042c\u0422\u0415\u0421\u0422"},"content":{"rendered":"<p><strong>\u0425\u0430\u0440\u0430\u043a\u0442\u0435\u0440\u0438\u0441\u0442\u0438\u043a\u0438 :<\/strong><\/p>\n<ul>\n<li>\u041c\u043e\u043d\u0442\u0430\u0436: \u0448\u0438\u043d\u0430 OMEGA &#8211; DIN EN 50022<\/li>\n<li>\u0420\u0430\u0437\u043c\u0435\u0440\u044b: \u0448\u0438\u0440\u0438\u043d\u0430 157,5 \u043c\u043c (9 17,5 \u0441\u0442\u0443\u043f\u0435\u043d\u0447\u0430\u0442\u044b\u0445 \u043c\u043e\u0434\u0443\u043b\u0435\u0439)<\/li>\n<li>\u0421\u043e\u043e\u0442\u0432\u0435\u0442\u0441\u0442\u0432\u0438\u0435 \u0441\u0442\u0430\u043d\u0434\u0430\u0440\u0442\u0443 EN 61557-1; \u0447\u0430\u0441\u0442\u044c 8.<\/li>\n<\/ul>\n<p><strong>\u041f\u0440\u0438\u043c\u0435\u043d\u0435\u043d\u0438\u0435:<\/strong><\/p>\n<ul>\n<li>IT-\u0441\u0438\u0441\u0442\u0435\u043c\u044b, \u043f\u043e\u0434\u043a\u043b\u044e\u0447\u0435\u043d\u043d\u044b\u0435 \u043a \u0441\u0435\u0442\u044f\u043c 1-Ph \u0438 3-Ph \u0434\u043e 500 \u0412 \u0441 \u043d\u0435\u0439\u0442\u0440\u0430\u043b\u044c\u044e, \u0438\u0437\u043e\u043b\u0438\u0440\u043e\u0432\u0430\u043d\u043d\u043e\u0439 \u043e\u0442 \u0437\u0435\u043c\u043b\u0438, \u043d\u0438\u0436\u0435 \u0440\u0430\u0437\u0434\u0435\u043b\u0438\u0442\u0435\u043b\u044c\u043d\u043e\u0433\u043e \u0442\u0440\u0430\u043d\u0441\u0444\u043e\u0440\u043c\u0430\u0442\u043e\u0440\u0430 \u0432 \u043e\u043f\u0435\u0440\u0430\u0446\u0438\u043e\u043d\u043d\u044b\u0445 \u0437\u0430\u043b\u0430\u0445<\/li>\n<\/ul>\n<p>\u041c\u0435\u0434\u0438\u0446\u0438\u043d\u0441\u043a\u0430\u044f \u0441\u0435\u0440\u0438\u044f ISOLTEST \u0434\u043b\u044f \u043e\u0431\u043d\u0430\u0440\u0443\u0436\u0435\u043d\u0438\u044f \u0437\u0430\u043c\u044b\u043a\u0430\u043d\u0438\u0439 \u043d\u0430 \u0437\u0435\u043c\u043b\u044e \u0431\u044b\u043b\u0430 \u0440\u0430\u0437\u0440\u0430\u0431\u043e\u0442\u0430\u043d\u0430 \u0434\u043b\u044f \u043e\u043f\u0435\u0440\u0430\u0446\u0438\u043e\u043d\u043d\u044b\u0445 \u0437\u0430\u043b\u043e\u0432 \u0441 \u0446\u0435\u043b\u044c\u044e \u043d\u0435\u043f\u0440\u0435\u0440\u044b\u0432\u043d\u043e\u0433\u043e \u043a\u043e\u043d\u0442\u0440\u043e\u043b\u044f \u0441\u043e\u043f\u0440\u043e\u0442\u0438\u0432\u043b\u0435\u043d\u0438\u044f \u0438\u0437\u043e\u043b\u044f\u0446\u0438\u0438, \u0434\u043b\u044f \u0441\u0438\u0441\u0442\u0435\u043c, \u043f\u043e\u0434\u043a\u043b\u044e\u0447\u0435\u043d\u043d\u044b\u0445 \u043a \u0441\u0435\u0442\u044f\u043c 1-Ph \u0438 3-Ph \u0434\u043e 500 \u0412 \u0441 \u0438\u0437\u043e\u043b\u044f\u0446\u0438\u0435\u0439 <em>\u043d\u0435\u0439\u0442\u0440\u0430\u043b\u0438 \u043e\u0442 \u0437\u0435\u043c\u043b\u0438 \u043d\u0438\u0436\u0435<\/em> \u0440\u0430\u0437\u0434\u0435\u043b\u0438\u0442\u0435\u043b\u044c\u043d\u043e\u0433\u043e \u0442\u0440\u0430\u043d\u0441\u0444\u043e\u0440\u043c\u0430\u0442\u043e\u0440\u0430.<\/p>\n<p>\u041a\u043e\u0433\u0434\u0430 \u0441\u043e\u043f\u0440\u043e\u0442\u0438\u0432\u043b\u0435\u043d\u0438\u0435 \u0438\u0437\u043e\u043b\u044f\u0446\u0438\u0438 \u043f\u0430\u0434\u0430\u0435\u0442 \u043d\u0438\u0436\u0435 \u0437\u0430\u0434\u0430\u043d\u043d\u043e\u0433\u043e \u0437\u043d\u0430\u0447\u0435\u043d\u0438\u044f (\u0432\u044b\u0440\u0430\u0436\u0435\u043d\u043d\u043e\u0433\u043e \u0432 \u043a\u041e\u043c), \u0434\u0430\u0442\u0447\u0438\u043a \u0437\u0430\u043c\u044b\u043a\u0430\u043d\u0438\u044f \u043d\u0430 \u0437\u0435\u043c\u043b\u044e ISOLTEST Medical Series \u043e\u0442\u043a\u043b\u044e\u0447\u0430\u0435\u0442\u0441\u044f, \u0430\u043a\u0442\u0438\u0432\u0438\u0440\u0443\u044f \u0437\u0432\u0443\u043a\u043e\u0432\u043e\u0439 \u0441\u0438\u0433\u043d\u0430\u043b \u0438 \u043e\u043f\u0442\u0438\u0447\u0435\u0441\u043a\u0438\u0439 \u0438\u043d\u0434\u0438\u043a\u0430\u0442\u043e\u0440. \u041a\u0430\u043b\u0438\u0431\u0440\u043e\u0432\u043a\u0430 \u043e\u0441\u0443\u0449\u0435\u0441\u0442\u0432\u043b\u044f\u0435\u0442\u0441\u044f \u0441 \u043f\u043e\u043c\u043e\u0449\u044c\u044e \u043f\u043e\u0442\u0435\u043d\u0446\u0438\u043e\u043c\u0435\u0442\u0440\u0430 \u043d\u0430 \u043f\u0435\u0440\u0435\u0434\u043d\u0435\u0439 \u043f\u0430\u043d\u0435\u043b\u0438 \u043f\u0440\u0438\u0431\u043e\u0440\u0430, \u043f\u043e\u0437\u0432\u043e\u043b\u044f\u044e\u0449\u0435\u0433\u043e \u0440\u0435\u0433\u0443\u043b\u0438\u0440\u043e\u0432\u0430\u0442\u044c \u043e\u0442 50 \u043a\u041e\u043c \u0434\u043e 150 \u043a\u041e\u043c; \u0437\u0435\u043b\u0435\u043d\u044b\u0439 \u0441\u0432\u0435\u0442\u043e\u0434\u0438\u043e\u0434 (NORMAL) \u0443\u043a\u0430\u0437\u044b\u0432\u0430\u0435\u0442 \u043d\u0430 \u0441\u043e\u0441\u0442\u043e\u044f\u043d\u0438\u0435 \u0438\u0437\u043e\u043b\u044f\u0446\u0438\u0438, \u043a\u0440\u0430\u0441\u043d\u044b\u0439 \u0441\u0432\u0435\u0442\u043e\u0434\u0438\u043e\u0434 (ALARM) &#8211; \u043d\u0430 \u0441\u043e\u0441\u0442\u043e\u044f\u043d\u0438\u0435 \u043d\u0435\u0438\u0441\u043f\u0440\u0430\u0432\u043d\u043e\u0441\u0442\u0438. \u0422\u0430\u043a\u0436\u0435 \u0438\u043c\u0435\u044e\u0442\u0441\u044f \u0434\u0432\u0435 \u043a\u043d\u043e\u043f\u043a\u0438 TEST \u0438 RESET.<\/p>\n<p>\u041a \u0437\u0430\u0434\u043d\u0435\u043c\u0443 \u0431\u043b\u043e\u043a\u0443 \u043c\u043e\u0436\u043d\u043e \u043f\u043e\u0434\u043a\u043b\u044e\u0447\u0438\u0442\u044c \u0432\u044b\u043d\u043e\u0441\u043d\u044b\u0435 \u043e\u043f\u0442\u0438\u0447\u0435\u0441\u043a\u0438\u0435 \u0438 \u0430\u043a\u0443\u0441\u0442\u0438\u0447\u0435\u0441\u043a\u0438\u0435 \u0438\u043d\u0434\u0438\u043a\u0430\u0442\u043e\u0440\u044b, \u0430 \u0442\u0430\u043a\u0436\u0435 \u043e\u0431\u044b\u0447\u043d\u044b\u0435 \u043a\u043d\u043e\u043f\u043a\u0438 \u043f\u0440\u043e\u0432\u0435\u0440\u043a\u0438 \u0434\u043b\u044f \u0442\u0435\u0441\u0442\u0438\u0440\u043e\u0432\u0430\u043d\u0438\u044f \u0438 \u0441\u0431\u0440\u043e\u0441\u0430 \u043d\u0430\u0441\u0442\u0440\u043e\u0435\u043a.<\/p>\n","protected":false},"excerpt":{"rendered":"<p><strong>\u041e\u0441\u043e\u0431\u0435\u043d\u043d\u043e\u0441\u0442\u0438:<\/strong><br \/>\n\u041f\u0440\u0438\u043c\u0435\u043d\u0435\u043d\u0438\u0435: \u043c\u0435\u0434\u0438\u0446\u0438\u043d\u0441\u043a\u0438\u0435 1-Ph \u0438 3-Ph IT-\u0441\u0435\u0442\u0438 \u0434\u043e 500 \u0412<br \/>\n\u0414\u0438\u0430\u043f\u0430\u0437\u043e\u043d \u043a\u0430\u043b\u0438\u0431\u0440\u043e\u0432\u043a\u0438: 50 \u00f7 150 \u043a\u041e\u043c<br \/>\n\u0418\u043c\u0435\u044e\u0442\u0441\u044f \u0434\u0438\u0441\u0442\u0430\u043d\u0446\u0438\u043e\u043d\u043d\u044b\u0435 \u043e\u043f\u0442\u0438\u0447\u0435\u0441\u043a\u0438\u0435 \u0438 \u0430\u043a\u0443\u0441\u0442\u0438\u0447\u0435\u0441\u043a\u0438\u0435 \u0438\u043d\u0434\u0438\u043a\u0430\u0442\u043e\u0440\u044b<\/p>\n<p><strong>\u041f\u0440\u0438\u043c\u0435\u043d\u0435\u043d\u0438\u0435:<\/strong><br \/>\nIT-\u0441\u0438\u0441\u0442\u0435\u043c\u044b, \u043f\u043e\u0434\u043a\u043b\u044e\u0447\u0435\u043d\u043d\u044b\u0435 \u043a \u0441\u0435\u0442\u044f\u043c 1-Ph \u0438 3-Ph \u0434\u043e 500 \u0412 \u0441 \u043d\u0435\u0439\u0442\u0440\u0430\u043b\u044c\u044e, \u0438\u0437\u043e\u043b\u0438\u0440\u043e\u0432\u0430\u043d\u043d\u043e\u0439 \u043e\u0442 \u0437\u0435\u043c\u043b\u0438, \u043d\u0438\u0436\u0435 \u0440\u0430\u0437\u0434\u0435\u043b\u0438\u0442\u0435\u043b\u044c\u043d\u043e\u0433\u043e \u0442\u0440\u0430\u043d\u0441\u0444\u043e\u0440\u043c\u0430\u0442\u043e\u0440\u0430 \u0432 \u043e\u043f\u0435\u0440\u0430\u0446\u0438\u043e\u043d\u043d\u044b\u0445 \u0437\u0430\u043b\u0430\u0445<\/p>\n<p><strong>\u041c\u044b \u0433\u043e\u0442\u043e\u0432\u044b \u043f\u0440\u043e\u043a\u043e\u043d\u0441\u0443\u043b\u044c\u0442\u0438\u0440\u043e\u0432\u0430\u0442\u044c \u0432\u0430\u0441 \u043f\u043e \u0442\u0435\u0445\u043d\u0438\u0447\u0435\u0441\u043a\u0438\u043c \u0432\u043e\u043f\u0440\u043e\u0441\u0430\u043c \u0438 \u043f\u0440\u0435\u0434\u043e\u0441\u0442\u0430\u0432\u0438\u0442\u044c \u043f\u043e\u0434\u0440\u043e\u0431\u043d\u043e\u0435 \u043f\u0440\u0435\u0434\u043b\u043e\u0436\u0435\u043d\u0438\u0435 \u0441\u043f\u0435\u0446\u0438\u0430\u043b\u044c\u043d\u043e \u0434\u043b\u044f \u0432\u0430\u0441!<\/strong><\/p>\n\t\t<div data-elementor-type=\"container\" data-elementor-id=\"3079\" class=\"elementor elementor-3079 elementor-2063\" data-elementor-post-type=\"elementor_library\">\n\t\t\t\t<div class=\"elementor-element elementor-element-faff34d e-flex e-con-boxed e-con e-parent\" data-id=\"faff34d\" data-element_type=\"container\" data-settings=\"{&quot;_ha_eqh_enable&quot;:false}\" data-core-v316-plus=\"true\">\n\t\t\t\t\t<div class=\"e-con-inner\">\n\t\t<div class=\"elementor-element elementor-element-752ea74 e-con-full e-flex e-con e-child\" data-id=\"752ea74\" data-element_type=\"container\" data-settings=\"{&quot;_ha_eqh_enable&quot;:false}\">\n\t\t\t\t<div class=\"elementor-element elementor-element-284ae94 elementor-widget elementor-widget-porto_button\" data-id=\"284ae94\" data-element_type=\"widget\" data-settings=\"{&quot;align&quot;:&quot;left&quot;}\" data-widget_type=\"porto_button.default\">\n\t\t\t\t<div class=\"elementor-widget-container\">\n\t\t\t<a aria-label=\"button\" class=\"btn btn-md btn-primary\" href=\"#elementor-action%3Aaction%3Dpopup%3Aopen%26settings%3DeyJpZCI6MzA4MywidG9nZ2xlIjpmYWxzZX0%3D\"><span >\u0417\u0430\u043f\u043e\u043b\u043d\u0438\u0442\u0435 \u0444\u043e\u0440\u043c\u0443<\/span><\/a>\t\t<\/div>\n\t\t\t\t<\/div>\n\t\t\t\t<\/div>\n\t\t<div class=\"elementor-element elementor-element-d63226b e-con-full e-flex e-con e-child\" data-id=\"d63226b\" data-element_type=\"container\" data-settings=\"{&quot;_ha_eqh_enable&quot;:false}\">\n\t\t\t\t<div class=\"elementor-element elementor-element-bccf8ed elementor-widget elementor-widget-porto_button\" data-id=\"bccf8ed\" data-element_type=\"widget\" data-widget_type=\"porto_button.default\">\n\t\t\t\t<div class=\"elementor-widget-container\">\n\t\t\t<a aria-label=\"button\" class=\"btn btn-md btn-primary\" href=\"tel:+370%20639%2092414\"><span >+370 639 92414<\/span><\/a>\t\t<\/div>\n\t\t\t\t<\/div>\n\t\t\t\t<\/div>\n\t\t\t\t\t<\/div>\n\t\t\t\t<\/div>\n\t\t\t\t<\/div>\n\t\t\n","protected":false},"featured_media":2481,"comment_status":"closed","ping_status":"closed","template":"","meta":[],"product_cat":[78],"product_tag":[],"class_list":{"0":"post-2480","1":"product","2":"type-product","3":"status-publish","4":"has-post-thumbnail","6":"product_cat-78","8":"first","9":"instock","10":"shipping-taxable","11":"product-type-simple"},"yoast_head":"<!-- This site is optimized with the Yoast SEO plugin v22.3 - https:\/\/yoast.com\/wordpress\/plugins\/seo\/ -->\n<title>\u041c\u0415\u0414\u0418\u0426\u0418\u041d\u0421\u041a\u0410\u042f \u0421\u0415\u0420\u0418\u042f \u0418\u0417\u041e\u041b\u042c\u0422\u0415\u0421\u0422 - TradeS<\/title>\n<meta name=\"robots\" content=\"index, follow, max-snippet:-1, max-image-preview:large, max-video-preview:-1\" \/>\n<link rel=\"canonical\" href=\"https:\/\/sttrades.com\/ru\/product\/\u043c\u0435\u0434\u0438\u0446\u0438\u043d\u0441\u043a\u0430\u044f-\u0441\u0435\u0440\u0438\u044f-\u0438\u0437\u043e\u043b\u044c\u0442\u0435\u0441\u0442\/\" \/>\n<meta property=\"og:locale\" content=\"ru_RU\" \/>\n<meta property=\"og:type\" content=\"article\" \/>\n<meta property=\"og:title\" content=\"\u041c\u0415\u0414\u0418\u0426\u0418\u041d\u0421\u041a\u0410\u042f \u0421\u0415\u0420\u0418\u042f \u0418\u0417\u041e\u041b\u042c\u0422\u0415\u0421\u0422 - TradeS\" \/>\n<meta property=\"og:description\" content=\"\u041e\u0441\u043e\u0431\u0435\u043d\u043d\u043e\u0441\u0442\u0438: \u041f\u0440\u0438\u043c\u0435\u043d\u0435\u043d\u0438\u0435: \u043c\u0435\u0434\u0438\u0446\u0438\u043d\u0441\u043a\u0438\u0435 1-Ph \u0438 3-Ph IT-\u0441\u0435\u0442\u0438 \u0434\u043e 500 \u0412 \u0414\u0438\u0430\u043f\u0430\u0437\u043e\u043d \u043a\u0430\u043b\u0438\u0431\u0440\u043e\u0432\u043a\u0438: 50 \u00f7 150 \u043a\u041e\u043c \u0418\u043c\u0435\u044e\u0442\u0441\u044f \u0434\u0438\u0441\u0442\u0430\u043d\u0446\u0438\u043e\u043d\u043d\u044b\u0435 \u043e\u043f\u0442\u0438\u0447\u0435\u0441\u043a\u0438\u0435 \u0438 \u0430\u043a\u0443\u0441\u0442\u0438\u0447\u0435\u0441\u043a\u0438\u0435 \u0438\u043d\u0434\u0438\u043a\u0430\u0442\u043e\u0440\u044b \u041f\u0440\u0438\u043c\u0435\u043d\u0435\u043d\u0438\u0435: IT-\u0441\u0438\u0441\u0442\u0435\u043c\u044b, \u043f\u043e\u0434\u043a\u043b\u044e\u0447\u0435\u043d\u043d\u044b\u0435 \u043a \u0441\u0435\u0442\u044f\u043c 1-Ph \u0438 3-Ph \u0434\u043e 500 \u0412 \u0441 \u043d\u0435\u0439\u0442\u0440\u0430\u043b\u044c\u044e, \u0438\u0437\u043e\u043b\u0438\u0440\u043e\u0432\u0430\u043d\u043d\u043e\u0439 \u043e\u0442 \u0437\u0435\u043c\u043b\u0438, \u043d\u0438\u0436\u0435 \u0440\u0430\u0437\u0434\u0435\u043b\u0438\u0442\u0435\u043b\u044c\u043d\u043e\u0433\u043e \u0442\u0440\u0430\u043d\u0441\u0444\u043e\u0440\u043c\u0430\u0442\u043e\u0440\u0430 \u0432 \u043e\u043f\u0435\u0440\u0430\u0446\u0438\u043e\u043d\u043d\u044b\u0445 \u0437\u0430\u043b\u0430\u0445 \u041c\u044b \u0433\u043e\u0442\u043e\u0432\u044b \u043f\u0440\u043e\u043a\u043e\u043d\u0441\u0443\u043b\u044c\u0442\u0438\u0440\u043e\u0432\u0430\u0442\u044c \u0432\u0430\u0441 \u043f\u043e \u0442\u0435\u0445\u043d\u0438\u0447\u0435\u0441\u043a\u0438\u043c \u0432\u043e\u043f\u0440\u043e\u0441\u0430\u043c \u0438 \u043f\u0440\u0435\u0434\u043e\u0441\u0442\u0430\u0432\u0438\u0442\u044c \u043f\u043e\u0434\u0440\u043e\u0431\u043d\u043e\u0435 \u043f\u0440\u0435\u0434\u043b\u043e\u0436\u0435\u043d\u0438\u0435 \u0441\u043f\u0435\u0446\u0438\u0430\u043b\u044c\u043d\u043e \u0434\u043b\u044f \u0432\u0430\u0441!\" \/>\n<meta property=\"og:url\" content=\"https:\/\/sttrades.com\/ru\/product\/\u043c\u0435\u0434\u0438\u0446\u0438\u043d\u0441\u043a\u0430\u044f-\u0441\u0435\u0440\u0438\u044f-\u0438\u0437\u043e\u043b\u044c\u0442\u0435\u0441\u0442\/\" \/>\n<meta property=\"og:site_name\" content=\"TradeS\" \/>\n<meta property=\"og:image\" content=\"https:\/\/sttrades.com\/wp-content\/uploads\/2024\/03\/isoltest-pramones-serija_1.jpg\" \/>\n\t<meta property=\"og:image:width\" content=\"597\" \/>\n\t<meta property=\"og:image:height\" content=\"533\" \/>\n\t<meta property=\"og:image:type\" content=\"image\/jpeg\" \/>\n<meta name=\"twitter:card\" content=\"summary_large_image\" \/>\n<script type=\"application\/ld+json\" class=\"yoast-schema-graph\">{\"@context\":\"https:\/\/schema.org\",\"@graph\":[{\"@type\":\"WebPage\",\"@id\":\"https:\/\/sttrades.com\/ru\/product\/%d0%bc%d0%b5%d0%b4%d0%b8%d1%86%d0%b8%d0%bd%d1%81%d0%ba%d0%b0%d1%8f-%d1%81%d0%b5%d1%80%d0%b8%d1%8f-%d0%b8%d0%b7%d0%be%d0%bb%d1%8c%d1%82%d0%b5%d1%81%d1%82\/\",\"url\":\"https:\/\/sttrades.com\/ru\/product\/%d0%bc%d0%b5%d0%b4%d0%b8%d1%86%d0%b8%d0%bd%d1%81%d0%ba%d0%b0%d1%8f-%d1%81%d0%b5%d1%80%d0%b8%d1%8f-%d0%b8%d0%b7%d0%be%d0%bb%d1%8c%d1%82%d0%b5%d1%81%d1%82\/\",\"name\":\"\u041c\u0415\u0414\u0418\u0426\u0418\u041d\u0421\u041a\u0410\u042f \u0421\u0415\u0420\u0418\u042f \u0418\u0417\u041e\u041b\u042c\u0422\u0415\u0421\u0422 - TradeS\",\"isPartOf\":{\"@id\":\"https:\/\/sttrades.com\/en\/#website\"},\"primaryImageOfPage\":{\"@id\":\"https:\/\/sttrades.com\/ru\/product\/%d0%bc%d0%b5%d0%b4%d0%b8%d1%86%d0%b8%d0%bd%d1%81%d0%ba%d0%b0%d1%8f-%d1%81%d0%b5%d1%80%d0%b8%d1%8f-%d0%b8%d0%b7%d0%be%d0%bb%d1%8c%d1%82%d0%b5%d1%81%d1%82\/#primaryimage\"},\"image\":{\"@id\":\"https:\/\/sttrades.com\/ru\/product\/%d0%bc%d0%b5%d0%b4%d0%b8%d1%86%d0%b8%d0%bd%d1%81%d0%ba%d0%b0%d1%8f-%d1%81%d0%b5%d1%80%d0%b8%d1%8f-%d0%b8%d0%b7%d0%be%d0%bb%d1%8c%d1%82%d0%b5%d1%81%d1%82\/#primaryimage\"},\"thumbnailUrl\":\"https:\/\/sttrades.com\/wp-content\/uploads\/2024\/03\/isoltest-pramones-serija_1.jpg\",\"datePublished\":\"2024-03-10T21:13:37+00:00\",\"dateModified\":\"2024-03-10T21:13:37+00:00\",\"breadcrumb\":{\"@id\":\"https:\/\/sttrades.com\/ru\/product\/%d0%bc%d0%b5%d0%b4%d0%b8%d1%86%d0%b8%d0%bd%d1%81%d0%ba%d0%b0%d1%8f-%d1%81%d0%b5%d1%80%d0%b8%d1%8f-%d0%b8%d0%b7%d0%be%d0%bb%d1%8c%d1%82%d0%b5%d1%81%d1%82\/#breadcrumb\"},\"inLanguage\":\"ru-RU\",\"potentialAction\":[{\"@type\":\"ReadAction\",\"target\":[\"https:\/\/sttrades.com\/ru\/product\/%d0%bc%d0%b5%d0%b4%d0%b8%d1%86%d0%b8%d0%bd%d1%81%d0%ba%d0%b0%d1%8f-%d1%81%d0%b5%d1%80%d0%b8%d1%8f-%d0%b8%d0%b7%d0%be%d0%bb%d1%8c%d1%82%d0%b5%d1%81%d1%82\/\"]}]},{\"@type\":\"ImageObject\",\"inLanguage\":\"ru-RU\",\"@id\":\"https:\/\/sttrades.com\/ru\/product\/%d0%bc%d0%b5%d0%b4%d0%b8%d1%86%d0%b8%d0%bd%d1%81%d0%ba%d0%b0%d1%8f-%d1%81%d0%b5%d1%80%d0%b8%d1%8f-%d0%b8%d0%b7%d0%be%d0%bb%d1%8c%d1%82%d0%b5%d1%81%d1%82\/#primaryimage\",\"url\":\"https:\/\/sttrades.com\/wp-content\/uploads\/2024\/03\/isoltest-pramones-serija_1.jpg\",\"contentUrl\":\"https:\/\/sttrades.com\/wp-content\/uploads\/2024\/03\/isoltest-pramones-serija_1.jpg\",\"width\":597,\"height\":533},{\"@type\":\"BreadcrumbList\",\"@id\":\"https:\/\/sttrades.com\/ru\/product\/%d0%bc%d0%b5%d0%b4%d0%b8%d1%86%d0%b8%d0%bd%d1%81%d0%ba%d0%b0%d1%8f-%d1%81%d0%b5%d1%80%d0%b8%d1%8f-%d0%b8%d0%b7%d0%be%d0%bb%d1%8c%d1%82%d0%b5%d1%81%d1%82\/#breadcrumb\",\"itemListElement\":[{\"@type\":\"ListItem\",\"position\":1,\"name\":\"Home\",\"item\":\"https:\/\/sttrades.com\/ru\/\"},{\"@type\":\"ListItem\",\"position\":2,\"name\":\"\u041f\u0440\u043e\u0434\u0443\u043a\u0442\u044b\",\"item\":\"https:\/\/sttrades.com\/ru\/%d0%bf%d1%80%d0%be%d0%b4%d1%83%d0%ba%d1%82%d1%8b\/\"},{\"@type\":\"ListItem\",\"position\":3,\"name\":\"\u041c\u0415\u0414\u0418\u0426\u0418\u041d\u0421\u041a\u0410\u042f \u0421\u0415\u0420\u0418\u042f \u0418\u0417\u041e\u041b\u042c\u0422\u0415\u0421\u0422\"}]},{\"@type\":\"WebSite\",\"@id\":\"https:\/\/sttrades.com\/en\/#website\",\"url\":\"https:\/\/sttrades.com\/en\/\",\"name\":\"\u0160iuolaikin\u0117 prekybin\u0117 \u012fmon\u0117\",\"description\":\"Alternatyvi energija | Akustin\u0117s sienos\",\"publisher\":{\"@id\":\"https:\/\/sttrades.com\/en\/#organization\"},\"potentialAction\":[{\"@type\":\"SearchAction\",\"target\":{\"@type\":\"EntryPoint\",\"urlTemplate\":\"https:\/\/sttrades.com\/en\/?s={search_term_string}\"},\"query-input\":\"required name=search_term_string\"}],\"inLanguage\":\"ru-RU\"},{\"@type\":\"Organization\",\"@id\":\"https:\/\/sttrades.com\/en\/#organization\",\"name\":\"TradeS\",\"url\":\"https:\/\/sttrades.com\/en\/\",\"logo\":{\"@type\":\"ImageObject\",\"inLanguage\":\"ru-RU\",\"@id\":\"https:\/\/sttrades.com\/en\/#\/schema\/logo\/image\/\",\"url\":\"https:\/\/sttrades.com\/wp-content\/uploads\/2024\/03\/sttrades-logo.webp\",\"contentUrl\":\"https:\/\/sttrades.com\/wp-content\/uploads\/2024\/03\/sttrades-logo.webp\",\"width\":639,\"height\":301,\"caption\":\"TradeS\"},\"image\":{\"@id\":\"https:\/\/sttrades.com\/en\/#\/schema\/logo\/image\/\"}}]}<\/script>\n<!-- \/ Yoast SEO plugin. -->","yoast_head_json":{"title":"\u041c\u0415\u0414\u0418\u0426\u0418\u041d\u0421\u041a\u0410\u042f \u0421\u0415\u0420\u0418\u042f \u0418\u0417\u041e\u041b\u042c\u0422\u0415\u0421\u0422 - TradeS","robots":{"index":"index","follow":"follow","max-snippet":"max-snippet:-1","max-image-preview":"max-image-preview:large","max-video-preview":"max-video-preview:-1"},"canonical":"https:\/\/sttrades.com\/ru\/product\/\u043c\u0435\u0434\u0438\u0446\u0438\u043d\u0441\u043a\u0430\u044f-\u0441\u0435\u0440\u0438\u044f-\u0438\u0437\u043e\u043b\u044c\u0442\u0435\u0441\u0442\/","og_locale":"ru_RU","og_type":"article","og_title":"\u041c\u0415\u0414\u0418\u0426\u0418\u041d\u0421\u041a\u0410\u042f \u0421\u0415\u0420\u0418\u042f \u0418\u0417\u041e\u041b\u042c\u0422\u0415\u0421\u0422 - TradeS","og_description":"\u041e\u0441\u043e\u0431\u0435\u043d\u043d\u043e\u0441\u0442\u0438: \u041f\u0440\u0438\u043c\u0435\u043d\u0435\u043d\u0438\u0435: \u043c\u0435\u0434\u0438\u0446\u0438\u043d\u0441\u043a\u0438\u0435 1-Ph \u0438 3-Ph IT-\u0441\u0435\u0442\u0438 \u0434\u043e 500 \u0412 \u0414\u0438\u0430\u043f\u0430\u0437\u043e\u043d \u043a\u0430\u043b\u0438\u0431\u0440\u043e\u0432\u043a\u0438: 50 \u00f7 150 \u043a\u041e\u043c \u0418\u043c\u0435\u044e\u0442\u0441\u044f \u0434\u0438\u0441\u0442\u0430\u043d\u0446\u0438\u043e\u043d\u043d\u044b\u0435 \u043e\u043f\u0442\u0438\u0447\u0435\u0441\u043a\u0438\u0435 \u0438 \u0430\u043a\u0443\u0441\u0442\u0438\u0447\u0435\u0441\u043a\u0438\u0435 \u0438\u043d\u0434\u0438\u043a\u0430\u0442\u043e\u0440\u044b \u041f\u0440\u0438\u043c\u0435\u043d\u0435\u043d\u0438\u0435: IT-\u0441\u0438\u0441\u0442\u0435\u043c\u044b, \u043f\u043e\u0434\u043a\u043b\u044e\u0447\u0435\u043d\u043d\u044b\u0435 \u043a \u0441\u0435\u0442\u044f\u043c 1-Ph \u0438 3-Ph \u0434\u043e 500 \u0412 \u0441 \u043d\u0435\u0439\u0442\u0440\u0430\u043b\u044c\u044e, \u0438\u0437\u043e\u043b\u0438\u0440\u043e\u0432\u0430\u043d\u043d\u043e\u0439 \u043e\u0442 \u0437\u0435\u043c\u043b\u0438, \u043d\u0438\u0436\u0435 \u0440\u0430\u0437\u0434\u0435\u043b\u0438\u0442\u0435\u043b\u044c\u043d\u043e\u0433\u043e \u0442\u0440\u0430\u043d\u0441\u0444\u043e\u0440\u043c\u0430\u0442\u043e\u0440\u0430 \u0432 \u043e\u043f\u0435\u0440\u0430\u0446\u0438\u043e\u043d\u043d\u044b\u0445 \u0437\u0430\u043b\u0430\u0445 \u041c\u044b \u0433\u043e\u0442\u043e\u0432\u044b \u043f\u0440\u043e\u043a\u043e\u043d\u0441\u0443\u043b\u044c\u0442\u0438\u0440\u043e\u0432\u0430\u0442\u044c \u0432\u0430\u0441 \u043f\u043e \u0442\u0435\u0445\u043d\u0438\u0447\u0435\u0441\u043a\u0438\u043c \u0432\u043e\u043f\u0440\u043e\u0441\u0430\u043c \u0438 \u043f\u0440\u0435\u0434\u043e\u0441\u0442\u0430\u0432\u0438\u0442\u044c \u043f\u043e\u0434\u0440\u043e\u0431\u043d\u043e\u0435 \u043f\u0440\u0435\u0434\u043b\u043e\u0436\u0435\u043d\u0438\u0435 \u0441\u043f\u0435\u0446\u0438\u0430\u043b\u044c\u043d\u043e \u0434\u043b\u044f \u0432\u0430\u0441!","og_url":"https:\/\/sttrades.com\/ru\/product\/\u043c\u0435\u0434\u0438\u0446\u0438\u043d\u0441\u043a\u0430\u044f-\u0441\u0435\u0440\u0438\u044f-\u0438\u0437\u043e\u043b\u044c\u0442\u0435\u0441\u0442\/","og_site_name":"TradeS","og_image":[{"width":597,"height":533,"url":"https:\/\/sttrades.com\/wp-content\/uploads\/2024\/03\/isoltest-pramones-serija_1.jpg","type":"image\/jpeg"}],"twitter_card":"summary_large_image","schema":{"@context":"https:\/\/schema.org","@graph":[{"@type":"WebPage","@id":"https:\/\/sttrades.com\/ru\/product\/%d0%bc%d0%b5%d0%b4%d0%b8%d1%86%d0%b8%d0%bd%d1%81%d0%ba%d0%b0%d1%8f-%d1%81%d0%b5%d1%80%d0%b8%d1%8f-%d0%b8%d0%b7%d0%be%d0%bb%d1%8c%d1%82%d0%b5%d1%81%d1%82\/","url":"https:\/\/sttrades.com\/ru\/product\/%d0%bc%d0%b5%d0%b4%d0%b8%d1%86%d0%b8%d0%bd%d1%81%d0%ba%d0%b0%d1%8f-%d1%81%d0%b5%d1%80%d0%b8%d1%8f-%d0%b8%d0%b7%d0%be%d0%bb%d1%8c%d1%82%d0%b5%d1%81%d1%82\/","name":"\u041c\u0415\u0414\u0418\u0426\u0418\u041d\u0421\u041a\u0410\u042f \u0421\u0415\u0420\u0418\u042f \u0418\u0417\u041e\u041b\u042c\u0422\u0415\u0421\u0422 - TradeS","isPartOf":{"@id":"https:\/\/sttrades.com\/en\/#website"},"primaryImageOfPage":{"@id":"https:\/\/sttrades.com\/ru\/product\/%d0%bc%d0%b5%d0%b4%d0%b8%d1%86%d0%b8%d0%bd%d1%81%d0%ba%d0%b0%d1%8f-%d1%81%d0%b5%d1%80%d0%b8%d1%8f-%d0%b8%d0%b7%d0%be%d0%bb%d1%8c%d1%82%d0%b5%d1%81%d1%82\/#primaryimage"},"image":{"@id":"https:\/\/sttrades.com\/ru\/product\/%d0%bc%d0%b5%d0%b4%d0%b8%d1%86%d0%b8%d0%bd%d1%81%d0%ba%d0%b0%d1%8f-%d1%81%d0%b5%d1%80%d0%b8%d1%8f-%d0%b8%d0%b7%d0%be%d0%bb%d1%8c%d1%82%d0%b5%d1%81%d1%82\/#primaryimage"},"thumbnailUrl":"https:\/\/sttrades.com\/wp-content\/uploads\/2024\/03\/isoltest-pramones-serija_1.jpg","datePublished":"2024-03-10T21:13:37+00:00","dateModified":"2024-03-10T21:13:37+00:00","breadcrumb":{"@id":"https:\/\/sttrades.com\/ru\/product\/%d0%bc%d0%b5%d0%b4%d0%b8%d1%86%d0%b8%d0%bd%d1%81%d0%ba%d0%b0%d1%8f-%d1%81%d0%b5%d1%80%d0%b8%d1%8f-%d0%b8%d0%b7%d0%be%d0%bb%d1%8c%d1%82%d0%b5%d1%81%d1%82\/#breadcrumb"},"inLanguage":"ru-RU","potentialAction":[{"@type":"ReadAction","target":["https:\/\/sttrades.com\/ru\/product\/%d0%bc%d0%b5%d0%b4%d0%b8%d1%86%d0%b8%d0%bd%d1%81%d0%ba%d0%b0%d1%8f-%d1%81%d0%b5%d1%80%d0%b8%d1%8f-%d0%b8%d0%b7%d0%be%d0%bb%d1%8c%d1%82%d0%b5%d1%81%d1%82\/"]}]},{"@type":"ImageObject","inLanguage":"ru-RU","@id":"https:\/\/sttrades.com\/ru\/product\/%d0%bc%d0%b5%d0%b4%d0%b8%d1%86%d0%b8%d0%bd%d1%81%d0%ba%d0%b0%d1%8f-%d1%81%d0%b5%d1%80%d0%b8%d1%8f-%d0%b8%d0%b7%d0%be%d0%bb%d1%8c%d1%82%d0%b5%d1%81%d1%82\/#primaryimage","url":"https:\/\/sttrades.com\/wp-content\/uploads\/2024\/03\/isoltest-pramones-serija_1.jpg","contentUrl":"https:\/\/sttrades.com\/wp-content\/uploads\/2024\/03\/isoltest-pramones-serija_1.jpg","width":597,"height":533},{"@type":"BreadcrumbList","@id":"https:\/\/sttrades.com\/ru\/product\/%d0%bc%d0%b5%d0%b4%d0%b8%d1%86%d0%b8%d0%bd%d1%81%d0%ba%d0%b0%d1%8f-%d1%81%d0%b5%d1%80%d0%b8%d1%8f-%d0%b8%d0%b7%d0%be%d0%bb%d1%8c%d1%82%d0%b5%d1%81%d1%82\/#breadcrumb","itemListElement":[{"@type":"ListItem","position":1,"name":"Home","item":"https:\/\/sttrades.com\/ru\/"},{"@type":"ListItem","position":2,"name":"\u041f\u0440\u043e\u0434\u0443\u043a\u0442\u044b","item":"https:\/\/sttrades.com\/ru\/%d0%bf%d1%80%d0%be%d0%b4%d1%83%d0%ba%d1%82%d1%8b\/"},{"@type":"ListItem","position":3,"name":"\u041c\u0415\u0414\u0418\u0426\u0418\u041d\u0421\u041a\u0410\u042f \u0421\u0415\u0420\u0418\u042f \u0418\u0417\u041e\u041b\u042c\u0422\u0415\u0421\u0422"}]},{"@type":"WebSite","@id":"https:\/\/sttrades.com\/en\/#website","url":"https:\/\/sttrades.com\/en\/","name":"\u0160iuolaikin\u0117 prekybin\u0117 \u012fmon\u0117","description":"Alternatyvi energija | Akustin\u0117s sienos","publisher":{"@id":"https:\/\/sttrades.com\/en\/#organization"},"potentialAction":[{"@type":"SearchAction","target":{"@type":"EntryPoint","urlTemplate":"https:\/\/sttrades.com\/en\/?s={search_term_string}"},"query-input":"required name=search_term_string"}],"inLanguage":"ru-RU"},{"@type":"Organization","@id":"https:\/\/sttrades.com\/en\/#organization","name":"TradeS","url":"https:\/\/sttrades.com\/en\/","logo":{"@type":"ImageObject","inLanguage":"ru-RU","@id":"https:\/\/sttrades.com\/en\/#\/schema\/logo\/image\/","url":"https:\/\/sttrades.com\/wp-content\/uploads\/2024\/03\/sttrades-logo.webp","contentUrl":"https:\/\/sttrades.com\/wp-content\/uploads\/2024\/03\/sttrades-logo.webp","width":639,"height":301,"caption":"TradeS"},"image":{"@id":"https:\/\/sttrades.com\/en\/#\/schema\/logo\/image\/"}}]}},"_links":{"self":[{"href":"https:\/\/sttrades.com\/ru\/wp-json\/wp\/v2\/product\/2480","targetHints":{"allow":["GET"]}}],"collection":[{"href":"https:\/\/sttrades.com\/ru\/wp-json\/wp\/v2\/product"}],"about":[{"href":"https:\/\/sttrades.com\/ru\/wp-json\/wp\/v2\/types\/product"}],"replies":[{"embeddable":true,"href":"https:\/\/sttrades.com\/ru\/wp-json\/wp\/v2\/comments?post=2480"}],"wp:featuredmedia":[{"embeddable":true,"href":"https:\/\/sttrades.com\/ru\/wp-json\/wp\/v2\/media\/2481"}],"wp:attachment":[{"href":"https:\/\/sttrades.com\/ru\/wp-json\/wp\/v2\/media?parent=2480"}],"wp:term":[{"taxonomy":"product_cat","embeddable":true,"href":"https:\/\/sttrades.com\/ru\/wp-json\/wp\/v2\/product_cat?post=2480"},{"taxonomy":"product_tag","embeddable":true,"href":"https:\/\/sttrades.com\/ru\/wp-json\/wp\/v2\/product_tag?post=2480"}],"curies":[{"name":"wp","href":"https:\/\/api.w.org\/{rel}","templated":true}]}}